{"id":461,"date":"2020-07-14T13:21:01","date_gmt":"2020-07-14T11:21:01","guid":{"rendered":"https:\/\/www.lechantdesdauphins.com\/?page_id=461"},"modified":"2020-09-17T11:40:57","modified_gmt":"2020-09-17T09:40:57","slug":"faire-un-don","status":"publish","type":"page","link":"https:\/\/www.lechantdesdauphins.com\/accueil\/faire-un-don\/","title":{"rendered":"Faire un don"},"content":{"rendered":"<p><div class=\"fusion-fullwidth fullwidth-box fusion-builder-row-1 nonhundred-percent-fullwidth non-hundred-percent-height-scrolling\" style=\"--awb-border-radius-top-left:0px;--awb-border-radius-top-right:0px;--awb-border-radius-bottom-right:0px;--awb-border-radius-bottom-left:0px;--awb-flex-wrap:wrap;\" ><div class=\"fusion-builder-row fusion-row\"><div class=\"fusion-layout-column fusion_builder_column fusion-builder-column-0 fusion_builder_column_1_1 1_1 fusion-one-full fusion-column-first fusion-column-last\" style=\"--awb-bg-size:cover;\"><div class=\"fusion-column-wrapper fusion-column-has-shadow fusion-flex-column-wrapper-legacy\"><div class=\"fusion-text fusion-text-1\"><h1 style=\"text-align: center;\"><span style=\"color: #0068b6;\">Faire un don<\/span><\/h1>\n<\/div><div class=\"fusion-text fusion-text-2\"><p>Si vous \u00eates redevable de l\u2019imp\u00f4t sur le revenu, votre don vous ouvre droit \u00e0 une r\u00e9duction fiscale.<br \/>\n<em>Personne physique\u00a0<\/em> : r\u00e9duction d&rsquo;imp\u00f4ts de 66% du montant de votre don, dans la limite de 20% de votre revenu imposable. Le surplus \u00e9tant reportable 5 ans.<br \/>\nExemple : <strong>don de 100 \u20ac co\u00fbte\u00a0 r\u00e9ellement 34 \u20ac &#8211; don de 150 \u20ac co\u00fbte 51 \u20ac.<\/strong><br \/>\n<em>Soci\u00e9t\u00e9<\/em> : r\u00e9duction d&rsquo;imp\u00f4ts de 60% dans la limite de 5\u2030 du chiffre d&rsquo;affaires.<br \/>\nExemple : <strong>don de 100 \u20ac co\u00fbte\u00a0 r\u00e9ellement 40 \u20ac &#8211; don de 150 \u20ac co\u00fbte 60 \u20ac.<\/strong><\/p>\n<p><strong>Saisir le montant de votre don<\/strong><\/p>\n<\/div><div class=\"fusion-clearfix\"><\/div><\/div><\/div><\/div><\/div><div class=\"fusion-fullwidth fullwidth-box fusion-builder-row-2 nonhundred-percent-fullwidth non-hundred-percent-height-scrolling\" style=\"--awb-border-radius-top-left:0px;--awb-border-radius-top-right:0px;--awb-border-radius-bottom-right:0px;--awb-border-radius-bottom-left:0px;--awb-flex-wrap:wrap;\" ><div class=\"fusion-builder-row fusion-row\"><div class=\"fusion-layout-column fusion_builder_column fusion-builder-column-1 fusion_builder_column_1_1 1_1 fusion-one-full fusion-column-first fusion-column-last\" style=\"--awb-bg-size:cover;\"><div class=\"fusion-column-wrapper fusion-column-has-shadow fusion-flex-column-wrapper-legacy\"><div class=\"fusion-text fusion-text-3\"><p style=\"text-align: center;\">\t<div id=\"give-form-463-wrap\" class=\"give-form-wrap give-display-onpage\">\n\t\t<h2 class=\"give-form-title\">Je fais un don<\/h2>\t\t\t<form id=\"give-form-463-1\" class=\"give-form give-form-463 give-form-type-set\" action=\"https:\/\/www.lechantdesdauphins.com\/accueil\/wp-json\/wp\/v2\/pages\/461\/?payment-mode=stripe\" data-id=\"463-1\" data-currency_symbol=\"&euro;\" data-currency_code=\"EUR\" data-currency_position=\"before\" data-thousands_separator=\".\" data-decimal_separator=\",\" data-number_decimals=\"2\" data-publishable-key=\"pk_live_SMtnnvlq4TpJelMdklNha8iD\" data-account=\"acct_1H4hXYFrLeZQgzYZ\" method=\"post\">\n\t\t\t\t<!-- The following field is for robots only, invisible to humans: -->\n\t\t\t\t<span class=\"give-hidden\" style=\"display: none !important;\">\n\t\t\t\t\t<label for=\"give-form-honeypot-463\"><\/label>\n\t\t\t\t\t<input id=\"give-form-honeypot-463\" type=\"text\" name=\"give-honeypot\"\n\t\t\t\t\t\t   class=\"give-honeypot give-hidden\"\/>\n\t\t\t\t<\/span>\n\n\t\t\t\t\t<input type=\"hidden\" name=\"give-form-id-prefix\" value=\"463-1\"\/>\n\t<input type=\"hidden\" name=\"give-form-id\" value=\"463\"\/>\n\t<input type=\"hidden\" name=\"give-form-title\" value=\"Je fais un don\"\/>\n\t<input type=\"hidden\" name=\"give-current-url\" value=\"https:\/\/www.lechantdesdauphins.com\/accueil\/wp-json\/wp\/v2\/pages\/461\/\"\/>\n\t<input type=\"hidden\" name=\"give-form-url\" value=\"https:\/\/www.lechantdesdauphins.com\/accueil\/wp-json\/wp\/v2\/pages\/461\/\"\/>\n\t\t\t<input type=\"hidden\" name=\"give-form-minimum\"\n\t\t\t   value=\"10.00\"\/>\n\t\t<input type=\"hidden\" name=\"give-form-maximum\"\n\t\t\t   value=\"999999.99\"\/>\n\t\t<input type=\"hidden\"  name=\"give-form-hash\" value=\"a0313fbfcb\" data-time=\"1776033999\" data-nonce-life=\"86400\" data-donor-session=\"0\"\/>\t\t<div class=\"give-total-wrap\">\n\t\t\t<div class=\"give-donation-amount form-row-wide\">\n\t\t\t\t<span class=\"give-currency-symbol give-currency-position-before\">&euro;<\/span>\t\t\t\t<label class=\"give-hidden\" for=\"give-amount\">Montant du don\u00a0:<\/label>\n\t\t\t\t<input class=\"give-text-input give-amount-top\" id=\"give-amount\" name=\"give-amount\" type=\"tel\"\n\t\t\t\t\t   placeholder=\"\" value=\"20,00\" autocomplete=\"off\">\n\t\t\t\t\t\t\t<\/div>\n\t\t<\/div>\n\t\t\t\t<p class=\"give-custom-amount-text\">Montant minimum : 10\u20ac<\/p>\n\t\t<input id=\"give-stripe-payment-method-463-1\" type=\"hidden\" name=\"give_stripe_payment_method\" value=\"\">\n\t<fieldset id=\"give-payment-mode-select\"\n\t\tstyle=\"display: none;\"\t>\n\t\t\t\t<legend\n\t\t\tclass=\"give-payment-mode-label\">S\u00e9lectionnez un moyen de paiement\t\t\t<span class=\"give-loading-text\"><span\n\t\t\t\t\tclass=\"give-loading-animation\"><\/span>\n\t\t\t<\/span>\n\t\t<\/legend>\n\n\t\t<div id=\"give-payment-mode-wrap\">\n\t\t\t\t\t\t<ul id=\"give-gateway-radio-list\">\n\t\t\t\t\t\t\t\t\t\t<li class=\"give-gateway-option-selected\">\n\t\t\t\t\t\t\t<input type=\"radio\" name=\"payment-mode\" class=\"give-gateway\"\n\t\t\t\t\t\t\t\t   id=\"give-gateway-stripe-463-1\"\n\t\t\t\t\t\t\t\t   value=\"stripe\" checked='checked'>\n\n\t\t\t\t\t\t\t\t\t\t\t\t\t\t<label for=\"give-gateway-stripe-463-1\"\n\t\t\t\t\t\t\t\t   class=\"give-gateway-option\"\n\t\t\t\t\t\t\t\t   id=\"give-gateway-option-stripe\"> Carte de cr\u00e9dit<\/label>\n\t\t\t\t\t\t<\/li>\n\t\t\t\t\t\t\t\t\t<\/ul>\n\t\t\t\t\t<\/div>\n\t\t\t<\/fieldset>\n\n\t\n\t<div id=\"give_purchase_form_wrap\">\n\n\t\t\t<fieldset id=\"give_checkout_user_info\" class=\"\">\n\t\t<legend>\n\t\t\tInformations personnelles\t\t<\/legend>\n\n\t\t\n\t\t<p id=\"give-first-name-wrap\" class=\"form-row form-row-first form-row-responsive\">\n\t\t\t<label class=\"give-label\" for=\"give-first\">\n\t\t\t\tPr\u00e9nom\t\t\t\t\t\t\t\t\t<span class=\"give-required-indicator\">*<\/span>\n\t\t\t\t\t\t\t\t<span class=\"give-tooltip hint--top hint--medium hint--bounce\" aria-label=\"Le pr\u00e9nom est utilis\u00e9 pour personnaliser votre don.\" rel=\"tooltip\"><i class=\"give-icon give-icon-question\"><\/i><\/span>\t\t\t<\/label>\n\t\t\t<input\n\t\t\t\tclass=\"give-input required\"\n\t\t\t\ttype=\"text\"\n\t\t\t\tname=\"give_first\"\n\t\t\t\tautocomplete=\"given-name\"\n\t\t\t\tplaceholder=\"Pr\u00e9nom\"\n\t\t\t\tid=\"give-first\"\n\t\t\t\tvalue=\"\"\n\t\t\t\t required aria-required=\"true\" \t\t\t\/>\n\t\t<\/p>\n\n\t\t<p id=\"give-last-name-wrap\" class=\"form-row form-row-last form-row-responsive\">\n\t\t\t<label class=\"give-label\" for=\"give-last\">\n\t\t\t\tNom\t\t\t\t\t\t\t\t<span class=\"give-tooltip hint--top hint--medium hint--bounce\" aria-label=\"Le nom est utilis\u00e9 pour personnaliser votre don.\" rel=\"tooltip\"><i class=\"give-icon give-icon-question\"><\/i><\/span>\t\t\t<\/label>\n\n\t\t\t<input\n\t\t\t\tclass=\"give-input\"\n\t\t\t\ttype=\"text\"\n\t\t\t\tname=\"give_last\"\n\t\t\t\tautocomplete=\"family-name\"\n\t\t\t\tid=\"give-last\"\n\t\t\t\tplaceholder=\"Nom\"\n\t\t\t\tvalue=\"\"\n\t\t\t\t\t\t\t\/>\n\t\t<\/p>\n\n\t\t\n\t\t\t\t<p id=\"give-email-wrap\" class=\"form-row form-row-wide\">\n\t\t\t<label class=\"give-label\" for=\"give-email\">\n\t\t\t\tAdresse e-mail\t\t\t\t\t\t\t\t\t<span class=\"give-required-indicator\">*<\/span>\n\t\t\t\t\t\t\t\t<span class=\"give-tooltip hint--top hint--medium hint--bounce\" aria-label=\"Le re\u00e7u de don sera envoy\u00e9 \u00e0 cette adresse.\" rel=\"tooltip\"><i class=\"give-icon give-icon-question\"><\/i><\/span>\t\t\t<\/label>\n\t\t\t<input\n\t\t\t\tclass=\"give-input required\"\n\t\t\t\ttype=\"email\"\n\t\t\t\tname=\"give_email\"\n\t\t\t\tautocomplete=\"email\"\n\t\t\t\tplaceholder=\"Adresse e-mail\"\n\t\t\t\tid=\"give-email\"\n\t\t\t\tvalue=\"\"\n\t\t\t\t required aria-required=\"true\" \t\t\t\/>\n\n\t\t<\/p>\n\n\t\t\n\t\t\t\t\t<\/fieldset>\n\t\t\t\t<fieldset id=\"give-ffm-section\" data-key=\"910462b70fe6bee33079553bff1695a1\">\n\n\t\t\t\t<div id=\"adresse-wrap\" class=\"form-row give-ffm-form-row-responsive give-ffm-form-row-full \">\t\t<label class=\"give-label\" for=\"ffm-adresse\">\n\t\t\tAdresse <span class=\"give-required-indicator\">*<\/span>\t\t\t\t\t\t<span class=\"give-tooltip give-icon give-icon-question\"\n\t\t\t\t  data-tooltip=\"saisir votre adresse postale\"><\/span>\n\t\t\t\t\t<\/label>\n\t\t\t\t<input class=\"textfield required\"\n\t\t\t   id=\"ffm-adresse\" type=\"text\"\n\t\t\t   data-required=\"yes\"\n\t\t\t   data-type=\"text\" required=\"required\" name=\"adresse\"\n\t\t\t   placeholder=\"\" value=\"\"\n\t\t\t\t\t\t \/>\n\t\t\n\t\t<\/div><div id=\"code_postal-wrap\" class=\"form-row give-ffm-form-row-responsive give-ffm-form-row-one-third \">\t\t<label class=\"give-label\" for=\"ffm-code_postal\">\n\t\t\tCode Postal <span class=\"give-required-indicator\">*<\/span>\t\t\t\t\t\t<span class=\"give-tooltip give-icon give-icon-question\"\n\t\t\t\t  data-tooltip=\"saisir le code postal\"><\/span>\n\t\t\t\t\t<\/label>\n\t\t\t\t<input class=\"textfield required\"\n\t\t\t   id=\"ffm-code_postal\" type=\"text\"\n\t\t\t   data-required=\"yes\"\n\t\t\t   data-type=\"text\" required=\"required\" name=\"code_postal\"\n\t\t\t   placeholder=\"\" value=\"\"\n\t\t\t\t\t\t \/>\n\t\t\n\t\t<\/div><div id=\"ville-wrap\" class=\"form-row give-ffm-form-row-responsive give-ffm-form-row-two-third \">\t\t<label class=\"give-label\" for=\"ffm-ville\">\n\t\t\tVille <span class=\"give-required-indicator\">*<\/span>\t\t\t\t\t<\/label>\n\t\t\t\t<input class=\"textfield required\"\n\t\t\t   id=\"ffm-ville\" type=\"text\"\n\t\t\t   data-required=\"yes\"\n\t\t\t   data-type=\"text\" required=\"required\" name=\"ville\"\n\t\t\t   placeholder=\"\" value=\"\"\n\t\t\t\t\t\t \/>\n\t\t\n\t\t<\/div>\n\t\t\t<\/fieldset>\n\t\t\t\n\t\t\t<fieldset id=\"give_cc_fields\" class=\"give-do-validate\">\n\t\t\t\t<legend>\n\t\t\t\t\tInformation de carte bancaire\t\t\t\t<\/legend>\n\n\t\t\t\t\t\t\t\t\t<div id=\"give_secure_site_wrapper\">\n\t\t\t\t\t\t<span class=\"give-icon padlock\"><\/span>\n\t\t\t\t\t\t<span>\n\t\t\t\t\tPaiement s\u00e9curis\u00e9 par SSL.\t\t\t\t<\/span>\n\t\t\t\t\t<\/div>\n\t\t\t\t\t\t\t\t<div id=\"give-card-number-wrap-463-1\" class=\"form-row form-row-two-thirds form-row-responsive give-stripe-cc-field-wrap\">\n\t\t\t\t<div>\n\t\t\t\t\t<label for=\"give-card-number-field-463-1\" class=\"give-label\">\n\t\t\t\t\t\tNum\u00e9ro de la carte\t\t\t\t\t\t<span class=\"give-required-indicator\">*<\/span>\n\t\t\t\t\t\t<span class=\"give-tooltip give-icon give-icon-question\"\n\t\t\t\t\t\t\t  data-tooltip=\"Les 16 chiffres de votre carte bancaire.\"><\/span>\n\t\t\t\t\t\t<span class=\"card-type\"><\/span>\n\t\t\t\t\t<\/label>\n\t\t\t\t\t<div id=\"give-card-number-field-463-1\" class=\"input empty give-stripe-cc-field give-stripe-card-number-field\"><\/div>\n\t\t\t\t<\/div>\n\t\t\t<\/div>\n\n\t\t\t<div id=\"give-card-cvc-wrap-463-1\" class=\"form-row form-row-one-third form-row-responsive give-stripe-cc-field-wrap\">\n\t\t\t\t<div>\n\t\t\t\t\t<label for=\"give-card-cvc-field-463-1\" class=\"give-label\">\n\t\t\t\t\t\tCVC\t\t\t\t\t\t<span class=\"give-required-indicator\">*<\/span>\n\t\t\t\t\t\t<span class=\"give-tooltip give-icon give-icon-question\"\n\t\t\t\t\t\t\t  data-tooltip=\"Les 3 (au verso) ou 4 ( au recto) chiffres sur votre carte.\"><\/span>\n\t\t\t\t\t<\/label>\n\t\t\t\t\t<div id=\"give-card-cvc-field-463-1\" class=\"input empty give-stripe-cc-field give-stripe-card-cvc-field\"><\/div>\n\t\t\t\t<\/div>\n\t\t\t<\/div>\n\n\t\t\t<div id=\"give-card-name-wrap-463-1\" class=\"form-row form-row-two-thirds form-row-responsive\">\n\t\t\t\t<label for=\"give-card-name-field-463-1\" class=\"give-label\">\n\t\t\t\t\tNom du propri\u00e9taire\t\t\t\t\t<span class=\"give-required-indicator\">*<\/span>\n\t\t\t\t\t<span class=\"give-tooltip give-icon give-icon-question\"\n\t\t\t\t\t\t  data-tooltip=\"Le nom du porteur de la carte de paiement\"><\/span>\n\t\t\t\t<\/label>\n\t\t\t\t<input\n\t\t\t\t\ttype=\"text\"\n\t\t\t\t\tautocomplete=\"off\"\n\t\t\t\t\tid=\"give-card-name-field-463-1\"\n\t\t\t\t\tname=\"card_name\"\n\t\t\t\t\tclass=\"card-name give-input required\"\n\t\t\t\t\tplaceholder=\"Nom du propri\u00e9taire\"\n\t\t\t\t\/>\n\t\t\t<\/div>\n\n\t\t\t\n\t\t\t<div id=\"give-card-expiration-wrap-463-1\" class=\"card-expiration form-row form-row-one-third form-row-responsive give-stripe-cc-field-wrap\">\n\t\t\t\t<div>\n\t\t\t\t\t<label for=\"give-card-expiration-field-463-1\" class=\"give-label\">\n\t\t\t\t\t\tDate d\u2019expiration\t\t\t\t\t\t<span class=\"give-required-indicator\">*<\/span>\n\t\t\t\t\t\t<span class=\"give-tooltip give-icon give-icon-question\"\n\t\t\t\t\t\t\t  data-tooltip=\"Date d\u2019expiration de votre carte de cr\u00e9dit, g\u00e9n\u00e9ralement sur le devant de la carte.\"><\/span>\n\t\t\t\t\t<\/label>\n\n\t\t\t\t\t<div id=\"give-card-expiration-field-463-1\" class=\"input empty give-stripe-cc-field give-stripe-card-expiration-field\"><\/div>\n\t\t\t\t<\/div>\n\t\t\t<\/div>\n\t\t\t\t\t\t<\/fieldset>\n\t\t\t<div id=\"give-stripe-payment-errors-463-1\"><\/div>\t<fieldset id=\"give_purchase_submit\" class=\"give-donation-submit\">\n\t\t\t<p id=\"give-final-total-wrap\" class=\"form-wrap \">\n\t\t\t\t<span class=\"give-donation-total-label\">\n\t\t\tTotal du don\u00a0:\t\t<\/span>\n\t\t<span class=\"give-final-total-amount\"\n\t\t\t  data-total=\"20,00\">\n\t\t\t&euro;20,00\t\t<\/span>\n\t\t\t<\/p>\n\t\t<input type=\"hidden\" name=\"give_action\" value=\"purchase\"\/>\n\t<input type=\"hidden\" name=\"give-gateway\" value=\"stripe\"\/>\n\t\t<div class=\"give-submit-button-wrap give-clearfix\">\n\t\t<input type=\"submit\" class=\"give-submit give-btn\" id=\"give-purchase-button\" name=\"give-purchase\"\n\t\t\t   value=\"Je fais un don\" data-before-validation-label=\"Je fais un don\"\/>\n\t\t<span class=\"give-loading-animation\"><\/span>\n\t<\/div>\n\t\t<\/fieldset>\n\t\n\t<\/div>\n\n\t\t\t\t<\/form>\n\n\t\t\t\n\t<\/div><!--end #give-form-463-->\n\t<\/p>\n<\/div><div class=\"fusion-clearfix\"><\/div><\/div><\/div><\/div><\/div><\/p>\n","protected":false},"excerpt":{"rendered":"","protected":false},"author":1,"featured_media":0,"parent":0,"menu_order":0,"comment_status":"closed","ping_status":"closed","template":"","meta":{"footnotes":""},"yoast_head":"<!-- This site is optimized with the Yoast SEO plugin v14.2 - https:\/\/yoast.com\/wordpress\/plugins\/seo\/ -->\n<title>Faire un don - Le Chant des Dauphins<\/title>\n<meta name=\"robots\" content=\"index, follow\" \/>\n<meta name=\"googlebot\" content=\"index, follow, max-snippet:-1, max-image-preview:large, max-video-preview:-1\" \/>\n<meta name=\"bingbot\" content=\"index, follow, max-snippet:-1, max-image-preview:large, max-video-preview:-1\" \/>\n<link rel=\"canonical\" href=\"https:\/\/www.lechantdesdauphins.com\/faire-un-don\/\" \/>\n<meta property=\"og:locale\" content=\"fr_FR\" \/>\n<meta property=\"og:type\" content=\"article\" \/>\n<meta property=\"og:title\" content=\"Faire un don - Le Chant des Dauphins\" \/>\n<meta property=\"og:url\" content=\"https:\/\/www.lechantdesdauphins.com\/faire-un-don\/\" \/>\n<meta property=\"og:site_name\" content=\"Le Chant des Dauphins\" \/>\n<meta property=\"article:modified_time\" content=\"2020-09-17T09:40:57+00:00\" \/>\n<meta name=\"twitter:card\" content=\"summary_large_image\" \/>\n<script type=\"application\/ld+json\" class=\"yoast-schema-graph\">{\"@context\":\"https:\/\/schema.org\",\"@graph\":[{\"@type\":\"WebSite\",\"@id\":\"https:\/\/www.lechantdesdauphins.com\/accueil\/#website\",\"url\":\"https:\/\/www.lechantdesdauphins.com\/accueil\/\",\"name\":\"Le Chant des Dauphins\",\"description\":\"\",\"potentialAction\":[{\"@type\":\"SearchAction\",\"target\":\"https:\/\/www.lechantdesdauphins.com\/accueil\/?s={search_term_string}\",\"query-input\":\"required name=search_term_string\"}],\"inLanguage\":\"fr-FR\"},{\"@type\":\"WebPage\",\"@id\":\"https:\/\/www.lechantdesdauphins.com\/faire-un-don\/#webpage\",\"url\":\"https:\/\/www.lechantdesdauphins.com\/faire-un-don\/\",\"name\":\"Faire un don - Le Chant des Dauphins\",\"isPartOf\":{\"@id\":\"https:\/\/www.lechantdesdauphins.com\/accueil\/#website\"},\"datePublished\":\"2020-07-14T11:21:01+00:00\",\"dateModified\":\"2020-09-17T09:40:57+00:00\",\"inLanguage\":\"fr-FR\",\"potentialAction\":[{\"@type\":\"ReadAction\",\"target\":[\"https:\/\/www.lechantdesdauphins.com\/faire-un-don\/\"]}]}]}<\/script>\n<!-- \/ Yoast SEO plugin. -->","_links":{"self":[{"href":"https:\/\/www.lechantdesdauphins.com\/accueil\/wp-json\/wp\/v2\/pages\/461"}],"collection":[{"href":"https:\/\/www.lechantdesdauphins.com\/accueil\/wp-json\/wp\/v2\/pages"}],"about":[{"href":"https:\/\/www.lechantdesdauphins.com\/accueil\/wp-json\/wp\/v2\/types\/page"}],"author":[{"embeddable":true,"href":"https:\/\/www.lechantdesdauphins.com\/accueil\/wp-json\/wp\/v2\/users\/1"}],"replies":[{"embeddable":true,"href":"https:\/\/www.lechantdesdauphins.com\/accueil\/wp-json\/wp\/v2\/comments?post=461"}],"version-history":[{"count":6,"href":"https:\/\/www.lechantdesdauphins.com\/accueil\/wp-json\/wp\/v2\/pages\/461\/revisions"}],"predecessor-version":[{"id":524,"href":"https:\/\/www.lechantdesdauphins.com\/accueil\/wp-json\/wp\/v2\/pages\/461\/revisions\/524"}],"wp:attachment":[{"href":"https:\/\/www.lechantdesdauphins.com\/accueil\/wp-json\/wp\/v2\/media?parent=461"}],"curies":[{"name":"wp","href":"https:\/\/api.w.org\/{rel}","templated":true}]}}