{"id":452,"date":"2020-07-14T13:03:02","date_gmt":"2020-07-14T11:03:02","guid":{"rendered":"https:\/\/www.lechantdesdauphins.com\/?page_id=452"},"modified":"2026-02-24T21:29:25","modified_gmt":"2026-02-24T20:29:25","slug":"adhesion-structure","status":"publish","type":"page","link":"https:\/\/www.lechantdesdauphins.com\/accueil\/adhesion-structure\/","title":{"rendered":"Adh\u00e9sion structure"},"content":{"rendered":"<p><div class=\"fusion-fullwidth fullwidth-box fusion-builder-row-1 nonhundred-percent-fullwidth non-hundred-percent-height-scrolling\" style=\"--awb-border-radius-top-left:0px;--awb-border-radius-top-right:0px;--awb-border-radius-bottom-right:0px;--awb-border-radius-bottom-left:0px;--awb-flex-wrap:wrap;\" ><div class=\"fusion-builder-row fusion-row\"><div class=\"fusion-layout-column fusion_builder_column fusion-builder-column-0 fusion_builder_column_1_1 1_1 fusion-one-full fusion-column-first fusion-column-last\" style=\"--awb-bg-size:cover;\"><div class=\"fusion-column-wrapper fusion-column-has-shadow fusion-flex-column-wrapper-legacy\"><div class=\"fusion-text fusion-text-1\"><p>Vous \u00eates int\u00e9ress\u00e9s pour faire participer\u00a0<strong>votre structure<\/strong> \u00e0 notre programme de sorties en mer \u00e0 la d\u00e9couverte des dauphins dans leur milieu naturel, au d\u00e9part de Port-Fr\u00e9jus ?<\/p>\n<p><strong>Alors n\u2019h\u00e9sitez pas \u00e0 prendre contact\u00a0 par t\u00e9l\u00e9phone 06 22 62 20 41 <\/strong><strong>ou en r\u00e9pondant\u00a0au formulaire\u00a0ci-dessous\u2026<\/strong><\/p>\n<pre style=\"text-align: center;\"><\/pre>\n<\/div><div class=\"fusion-clearfix\"><\/div><\/div><\/div><\/div><\/div><div class=\"fusion-fullwidth fullwidth-box fusion-builder-row-2 nonhundred-percent-fullwidth non-hundred-percent-height-scrolling fusion-equal-height-columns\" style=\"--awb-border-radius-top-left:0px;--awb-border-radius-top-right:0px;--awb-border-radius-bottom-right:0px;--awb-border-radius-bottom-left:0px;--awb-flex-wrap:wrap;\" ><div class=\"fusion-builder-row fusion-row\"><div class=\"fusion-layout-column fusion_builder_column fusion-builder-column-1 fusion_builder_column_3_5 3_5 fusion-three-fifth fusion-column-first\" style=\"--awb-bg-size:cover;width:60%;width:calc(60% - ( ( 4% ) * 0.6 ) );margin-right: 4%;\"><div class=\"fusion-column-wrapper fusion-column-has-shadow fusion-flex-column-wrapper-legacy\"><div class=\"fusion-text fusion-text-2\"><div role=\"form\" class=\"wpcf7\" id=\"wpcf7-f510-o1\" lang=\"fr-FR\" dir=\"ltr\">\n<div class=\"screen-reader-response\" aria-live=\"polite\"><\/div>\n<form action=\"\/accueil\/wp-json\/wp\/v2\/pages\/452#wpcf7-f510-o1\" method=\"post\" class=\"wpcf7-form\" novalidate=\"novalidate\">\n<div style=\"display: none;\">\n<input type=\"hidden\" name=\"_wpcf7\" value=\"510\" \/>\n<input type=\"hidden\" name=\"_wpcf7_version\" value=\"5.1.9\" \/>\n<input type=\"hidden\" name=\"_wpcf7_locale\" value=\"fr_FR\" \/>\n<input type=\"hidden\" name=\"_wpcf7_unit_tag\" value=\"wpcf7-f510-o1\" \/>\n<input type=\"hidden\" name=\"_wpcf7_container_post\" value=\"0\" \/>\n<\/div>\n<p><label> Nom de la Structure (obligatoire)<br \/>\n    <span class=\"wpcf7-form-control-wrap nom_structure\"><input type=\"text\" name=\"nom_structure\" value=\"\" size=\"40\" class=\"wpcf7-form-control wpcf7-text wpcf7-validates-as-required\" aria-required=\"true\" aria-invalid=\"false\" \/><\/span> <\/label><\/p>\n<p><label> Raison Sociale (IME, Sessad, MAS, FO,...)<br \/>\n    <span class=\"wpcf7-form-control-wrap raisonsociale\"><input type=\"text\" name=\"raisonsociale\" value=\"\" size=\"40\" class=\"wpcf7-form-control wpcf7-text wpcf7-validates-as-required\" aria-required=\"true\" aria-invalid=\"false\" \/><\/span> <\/label><\/p>\n<p><label> Code Postal (obligatoire)<br \/>\n    <span class=\"wpcf7-form-control-wrap cp\"><input type=\"text\" name=\"cp\" value=\"\" size=\"40\" class=\"wpcf7-form-control wpcf7-text wpcf7-validates-as-required\" aria-required=\"true\" aria-invalid=\"false\" \/><\/span> <\/label><\/p>\n<p><label> Ville (obligatoire)<br \/>\n    <span class=\"wpcf7-form-control-wrap ville\"><input type=\"text\" name=\"ville\" value=\"\" size=\"40\" class=\"wpcf7-form-control wpcf7-text wpcf7-validates-as-required\" aria-required=\"true\" aria-invalid=\"false\" \/><\/span> <\/label><\/p>\n<p><label> Nom du responsable (obligatoire)<br \/>\n    <span class=\"wpcf7-form-control-wrap nom_responsable\"><input type=\"text\" name=\"nom_responsable\" value=\"\" size=\"40\" class=\"wpcf7-form-control wpcf7-text wpcf7-validates-as-required\" aria-required=\"true\" aria-invalid=\"false\" \/><\/span> <\/label><\/p>\n<p><label>T\u00e9l\u00e9phone (obligatoire)<br \/>\n<span class=\"wpcf7-form-control-wrap tel_responsable\"><input type=\"tel\" name=\"tel_responsable\" value=\"\" size=\"40\" class=\"wpcf7-form-control wpcf7-text wpcf7-tel wpcf7-validates-as-required wpcf7-validates-as-tel\" aria-required=\"true\" aria-invalid=\"false\" \/><\/span>  <\/label><\/p>\n<p><label> Votre adresse de messagerie (obligatoire)<br \/>\n    <span class=\"wpcf7-form-control-wrap your-email\"><input type=\"email\" name=\"your-email\" value=\"\" size=\"40\" class=\"wpcf7-form-control wpcf7-text wpcf7-email wpcf7-validates-as-required wpcf7-validates-as-email\" aria-required=\"true\" aria-invalid=\"false\" \/><\/span> <\/label><\/p>\n<p><label> Votre message<br \/>\n    <span class=\"wpcf7-form-control-wrap your-message\"><textarea name=\"your-message\" cols=\"40\" rows=\"10\" class=\"wpcf7-form-control wpcf7-textarea\" aria-invalid=\"false\"><\/textarea><\/span> <\/label><\/p>\n<p><input type=\"submit\" value=\"Envoyer\" class=\"wpcf7-form-control wpcf7-submit\" \/><\/p>\n<div class=\"fusion-alert alert custom alert-custom fusion-alert-center wpcf7-response-output wpcf7-display-none awb-alert-native-link-color alert-dismissable awb-alert-close-boxed\" style=\"--awb-border-size:1px;--awb-border-top-left-radius:0px;--awb-border-top-right-radius:0px;--awb-border-bottom-left-radius:0px;--awb-border-bottom-right-radius:0px;\" role=\"alert\"><div class=\"fusion-alert-content-wrapper\"><span class=\"fusion-alert-content\"><\/span><\/div><button type=\"button\" class=\"close toggle-alert\" data-dismiss=\"alert\" aria-label=\"Close\">&times;<\/button><\/div><\/form><\/div>\n<\/div><div class=\"fusion-clearfix\"><\/div><\/div><\/div><\/div><\/div><\/p>\n","protected":false},"excerpt":{"rendered":"","protected":false},"author":1,"featured_media":0,"parent":0,"menu_order":0,"comment_status":"closed","ping_status":"closed","template":"","meta":{"footnotes":""},"yoast_head":"<!-- This site is optimized with the Yoast SEO plugin v14.2 - https:\/\/yoast.com\/wordpress\/plugins\/seo\/ -->\n<title>Adh\u00e9sion structure - Le Chant des Dauphins<\/title>\n<meta name=\"robots\" content=\"index, follow\" \/>\n<meta name=\"googlebot\" content=\"index, follow, max-snippet:-1, max-image-preview:large, max-video-preview:-1\" \/>\n<meta name=\"bingbot\" content=\"index, follow, max-snippet:-1, max-image-preview:large, max-video-preview:-1\" \/>\n<link rel=\"canonical\" href=\"https:\/\/www.lechantdesdauphins.com\/accueil\/adhesion-structure\/\" \/>\n<meta property=\"og:locale\" content=\"fr_FR\" \/>\n<meta property=\"og:type\" content=\"article\" \/>\n<meta property=\"og:title\" content=\"Adh\u00e9sion structure - Le Chant des Dauphins\" \/>\n<meta property=\"og:url\" content=\"https:\/\/www.lechantdesdauphins.com\/accueil\/adhesion-structure\/\" \/>\n<meta property=\"og:site_name\" content=\"Le Chant des Dauphins\" \/>\n<meta property=\"article:modified_time\" content=\"2026-02-24T20:29:25+00:00\" \/>\n<meta name=\"twitter:card\" content=\"summary_large_image\" \/>\n<script type=\"application\/ld+json\" class=\"yoast-schema-graph\">{\"@context\":\"https:\/\/schema.org\",\"@graph\":[{\"@type\":\"WebSite\",\"@id\":\"https:\/\/www.lechantdesdauphins.com\/accueil\/#website\",\"url\":\"https:\/\/www.lechantdesdauphins.com\/accueil\/\",\"name\":\"Le Chant des Dauphins\",\"description\":\"\",\"potentialAction\":[{\"@type\":\"SearchAction\",\"target\":\"https:\/\/www.lechantdesdauphins.com\/accueil\/?s={search_term_string}\",\"query-input\":\"required name=search_term_string\"}],\"inLanguage\":\"fr-FR\"},{\"@type\":\"WebPage\",\"@id\":\"https:\/\/www.lechantdesdauphins.com\/accueil\/adhesion-structure\/#webpage\",\"url\":\"https:\/\/www.lechantdesdauphins.com\/accueil\/adhesion-structure\/\",\"name\":\"Adh\\u00e9sion structure - Le Chant des Dauphins\",\"isPartOf\":{\"@id\":\"https:\/\/www.lechantdesdauphins.com\/accueil\/#website\"},\"datePublished\":\"2020-07-14T11:03:02+00:00\",\"dateModified\":\"2026-02-24T20:29:25+00:00\",\"inLanguage\":\"fr-FR\",\"potentialAction\":[{\"@type\":\"ReadAction\",\"target\":[\"https:\/\/www.lechantdesdauphins.com\/accueil\/adhesion-structure\/\"]}]}]}<\/script>\n<!-- \/ Yoast SEO plugin. -->","_links":{"self":[{"href":"https:\/\/www.lechantdesdauphins.com\/accueil\/wp-json\/wp\/v2\/pages\/452"}],"collection":[{"href":"https:\/\/www.lechantdesdauphins.com\/accueil\/wp-json\/wp\/v2\/pages"}],"about":[{"href":"https:\/\/www.lechantdesdauphins.com\/accueil\/wp-json\/wp\/v2\/types\/page"}],"author":[{"embeddable":true,"href":"https:\/\/www.lechantdesdauphins.com\/accueil\/wp-json\/wp\/v2\/users\/1"}],"replies":[{"embeddable":true,"href":"https:\/\/www.lechantdesdauphins.com\/accueil\/wp-json\/wp\/v2\/comments?post=452"}],"version-history":[{"count":5,"href":"https:\/\/www.lechantdesdauphins.com\/accueil\/wp-json\/wp\/v2\/pages\/452\/revisions"}],"predecessor-version":[{"id":624,"href":"https:\/\/www.lechantdesdauphins.com\/accueil\/wp-json\/wp\/v2\/pages\/452\/revisions\/624"}],"wp:attachment":[{"href":"https:\/\/www.lechantdesdauphins.com\/accueil\/wp-json\/wp\/v2\/media?parent=452"}],"curies":[{"name":"wp","href":"https:\/\/api.w.org\/{rel}","templated":true}]}}