{"id":437,"date":"2020-07-13T11:54:27","date_gmt":"2020-07-13T09:54:27","guid":{"rendered":"https:\/\/www.lechantdesdauphins.com\/historique-des-dons\/"},"modified":"2020-07-13T11:54:27","modified_gmt":"2020-07-13T09:54:27","slug":"historique-des-dons","status":"publish","type":"page","link":"https:\/\/www.lechantdesdauphins.com\/accueil\/historique-des-dons\/","title":{"rendered":"Historique des dons"},"content":{"rendered":"\t<div class=\"give-form\">\n\t\t<form method=\"post\" id=\"give-email-access-form\">\n\t\t\t<p>\n\t\t\t\tVeuillez v\u00e9rifier votre adresse e-mail pour acc\u00e9der \u00e0 votre historique de don.\t\t\t<\/p>\n\n\t\t\t<label for=\"give-email\">E-mail du don\u00a0:<\/label>\n\t\t\t<input id=\"give-email\" type=\"email\" name=\"give_email\" value=\"\"\n\t\t\t\t\tplaceholder=\"Adresse e-mail\"\/>\n\t\t\t<input type=\"hidden\" name=\"_wpnonce\" value=\"cde0319e2d\"\/>\n\t\t\t<input type=\"hidden\" name=\"give_action\" value=\"email_access_form_login\"\/>\n\t\t\t<input type=\"hidden\" name=\"give_access_page\" value=\"437\"\/>\n\n\t\t\t\n\t\t\t<input type=\"submit\" class=\"give-submit\" value=\"V\u00e9rifier l\u2019e-mail\"\/>\n\t\t<\/form>\n\t<\/div>\n\t\n","protected":false},"excerpt":{"rendered":"","protected":false},"author":1,"featured_media":0,"parent":0,"menu_order":0,"comment_status":"closed","ping_status":"closed","template":"","meta":{"footnotes":""},"yoast_head":"<!-- This site is optimized with the Yoast SEO plugin v14.2 - https:\/\/yoast.com\/wordpress\/plugins\/seo\/ -->\n<title>Historique des dons - Le Chant des Dauphins<\/title>\n<meta name=\"robots\" content=\"index, follow\" \/>\n<meta name=\"googlebot\" content=\"index, follow, max-snippet:-1, max-image-preview:large, max-video-preview:-1\" \/>\n<meta name=\"bingbot\" content=\"index, follow, max-snippet:-1, max-image-preview:large, max-video-preview:-1\" \/>\n<link rel=\"canonical\" href=\"https:\/\/www.lechantdesdauphins.com\/accueil\/historique-des-dons\/\" \/>\n<meta property=\"og:locale\" content=\"fr_FR\" \/>\n<meta property=\"og:type\" content=\"article\" \/>\n<meta property=\"og:title\" content=\"Historique des dons - Le Chant des Dauphins\" \/>\n<meta property=\"og:url\" content=\"https:\/\/www.lechantdesdauphins.com\/accueil\/historique-des-dons\/\" \/>\n<meta property=\"og:site_name\" content=\"Le Chant des Dauphins\" \/>\n<meta name=\"twitter:card\" content=\"summary_large_image\" \/>\n<script type=\"application\/ld+json\" class=\"yoast-schema-graph\">{\"@context\":\"https:\/\/schema.org\",\"@graph\":[{\"@type\":\"WebSite\",\"@id\":\"https:\/\/www.lechantdesdauphins.com\/accueil\/#website\",\"url\":\"https:\/\/www.lechantdesdauphins.com\/accueil\/\",\"name\":\"Le Chant des Dauphins\",\"description\":\"\",\"potentialAction\":[{\"@type\":\"SearchAction\",\"target\":\"https:\/\/www.lechantdesdauphins.com\/accueil\/?s={search_term_string}\",\"query-input\":\"required name=search_term_string\"}],\"inLanguage\":\"fr-FR\"},{\"@type\":\"WebPage\",\"@id\":\"https:\/\/www.lechantdesdauphins.com\/accueil\/historique-des-dons\/#webpage\",\"url\":\"https:\/\/www.lechantdesdauphins.com\/accueil\/historique-des-dons\/\",\"name\":\"Historique des dons - Le Chant des Dauphins\",\"isPartOf\":{\"@id\":\"https:\/\/www.lechantdesdauphins.com\/accueil\/#website\"},\"datePublished\":\"2020-07-13T09:54:27+00:00\",\"dateModified\":\"2020-07-13T09:54:27+00:00\",\"inLanguage\":\"fr-FR\",\"potentialAction\":[{\"@type\":\"ReadAction\",\"target\":[\"https:\/\/www.lechantdesdauphins.com\/accueil\/historique-des-dons\/\"]}]}]}<\/script>\n<!-- \/ Yoast SEO plugin. -->","_links":{"self":[{"href":"https:\/\/www.lechantdesdauphins.com\/accueil\/wp-json\/wp\/v2\/pages\/437"}],"collection":[{"href":"https:\/\/www.lechantdesdauphins.com\/accueil\/wp-json\/wp\/v2\/pages"}],"about":[{"href":"https:\/\/www.lechantdesdauphins.com\/accueil\/wp-json\/wp\/v2\/types\/page"}],"author":[{"embeddable":true,"href":"https:\/\/www.lechantdesdauphins.com\/accueil\/wp-json\/wp\/v2\/users\/1"}],"replies":[{"embeddable":true,"href":"https:\/\/www.lechantdesdauphins.com\/accueil\/wp-json\/wp\/v2\/comments?post=437"}],"version-history":[{"count":0,"href":"https:\/\/www.lechantdesdauphins.com\/accueil\/wp-json\/wp\/v2\/pages\/437\/revisions"}],"wp:attachment":[{"href":"https:\/\/www.lechantdesdauphins.com\/accueil\/wp-json\/wp\/v2\/media?parent=437"}],"curies":[{"name":"wp","href":"https:\/\/api.w.org\/{rel}","templated":true}]}}