{"id":246,"date":"2020-06-07T17:58:44","date_gmt":"2020-06-07T15:58:44","guid":{"rendered":"https:\/\/www.lechantdesdauphins.com\/?page_id=246"},"modified":"2026-02-24T21:28:47","modified_gmt":"2026-02-24T20:28:47","slug":"contact","status":"publish","type":"page","link":"https:\/\/www.lechantdesdauphins.com\/accueil\/contact\/","title":{"rendered":"Contact"},"content":{"rendered":"<p><div class=\"fusion-fullwidth fullwidth-box fusion-builder-row-1 hundred-percent-fullwidth non-hundred-percent-height-scrolling\" style=\"--awb-border-radius-top-left:0px;--awb-border-radius-top-right:0px;--awb-border-radius-bottom-right:0px;--awb-border-radius-bottom-left:0px;--awb-padding-top:20px;--awb-padding-bottom:20px;--awb-background-color:#f3f3f3;--awb-flex-wrap:wrap;\" ><div class=\"fusion-builder-row fusion-row\"><div class=\"fusion-layout-column fusion_builder_column fusion-builder-column-0 fusion_builder_column_1_5 1_5 fusion-one-fifth fusion-column-first\" style=\"--awb-bg-size:cover;width:20%;width:calc(20% - ( ( 4% + 4% + 4% + 4% ) * 0.2 ) );margin-right: 4%;\"><div class=\"fusion-column-wrapper fusion-column-has-shadow fusion-flex-column-wrapper-legacy\"><div class=\"fusion-image-element fusion-image-align-center in-legacy-container\" style=\"text-align:center;--awb-caption-title-font-family:var(--h2_typography-font-family);--awb-caption-title-font-weight:var(--h2_typography-font-weight);--awb-caption-title-font-style:var(--h2_typography-font-style);--awb-caption-title-size:var(--h2_typography-font-size);--awb-caption-title-transform:var(--h2_typography-text-transform);--awb-caption-title-line-height:var(--h2_typography-line-height);--awb-caption-title-letter-spacing:var(--h2_typography-letter-spacing);\"><div class=\"imageframe-align-center\"><span class=\" fusion-imageframe imageframe-none imageframe-1 hover-type-none\"><img decoding=\"async\" width=\"150\" height=\"150\" title=\"philippe\" src=\"https:\/\/www.lechantdesdauphins.com\/wp-content\/uploads\/2020\/06\/philippe-150x150.png\" alt class=\"img-responsive wp-image-49\" srcset=\"https:\/\/www.lechantdesdauphins.com\/wp-content\/uploads\/2020\/06\/philippe-66x66.png 66w, https:\/\/www.lechantdesdauphins.com\/wp-content\/uploads\/2020\/06\/philippe-100x100.png 100w, https:\/\/www.lechantdesdauphins.com\/wp-content\/uploads\/2020\/06\/philippe-150x150.png 150w, https:\/\/www.lechantdesdauphins.com\/wp-content\/uploads\/2020\/06\/philippe.png 200w\" sizes=\"(max-width: 150px) 100vw, 150px\" \/><\/span><\/div><\/div><div class=\"fusion-clearfix\"><\/div><\/div><\/div><div class=\"fusion-layout-column fusion_builder_column fusion-builder-column-1 fusion_builder_column_1_5 1_5 fusion-one-fifth\" style=\"--awb-bg-size:cover;width:20%;width:calc(20% - ( ( 4% + 4% + 4% + 4% ) * 0.2 ) );margin-right: 4%;\"><div class=\"fusion-column-wrapper fusion-column-has-shadow fusion-flex-column-wrapper-legacy\"><div class=\"fusion-image-element fusion-image-align-center in-legacy-container\" style=\"text-align:center;--awb-caption-title-font-family:var(--h2_typography-font-family);--awb-caption-title-font-weight:var(--h2_typography-font-weight);--awb-caption-title-font-style:var(--h2_typography-font-style);--awb-caption-title-size:var(--h2_typography-font-size);--awb-caption-title-transform:var(--h2_typography-text-transform);--awb-caption-title-line-height:var(--h2_typography-line-height);--awb-caption-title-letter-spacing:var(--h2_typography-letter-spacing);\"><div class=\"imageframe-align-center\"><span class=\" fusion-imageframe imageframe-none imageframe-2 hover-type-none\"><img decoding=\"async\" width=\"150\" height=\"150\" title=\"jackie\" src=\"https:\/\/www.lechantdesdauphins.com\/wp-content\/uploads\/2020\/06\/jackie-150x150.png\" alt class=\"img-responsive wp-image-53\" srcset=\"https:\/\/www.lechantdesdauphins.com\/wp-content\/uploads\/2020\/06\/jackie-66x66.png 66w, https:\/\/www.lechantdesdauphins.com\/wp-content\/uploads\/2020\/06\/jackie-100x100.png 100w, https:\/\/www.lechantdesdauphins.com\/wp-content\/uploads\/2020\/06\/jackie-150x150.png 150w, https:\/\/www.lechantdesdauphins.com\/wp-content\/uploads\/2020\/06\/jackie.png 200w\" sizes=\"(max-width: 150px) 100vw, 150px\" \/><\/span><\/div><\/div><div class=\"fusion-clearfix\"><\/div><\/div><\/div><div class=\"fusion-layout-column fusion_builder_column fusion-builder-column-2 fusion_builder_column_1_5 1_5 fusion-one-fifth\" style=\"--awb-bg-size:cover;width:20%;width:calc(20% - ( ( 4% + 4% + 4% + 4% ) * 0.2 ) );margin-right: 4%;\"><div class=\"fusion-column-wrapper fusion-column-has-shadow fusion-flex-column-wrapper-legacy\"><div class=\"fusion-image-element fusion-image-align-center in-legacy-container\" style=\"text-align:center;--awb-caption-title-font-family:var(--h2_typography-font-family);--awb-caption-title-font-weight:var(--h2_typography-font-weight);--awb-caption-title-font-style:var(--h2_typography-font-style);--awb-caption-title-size:var(--h2_typography-font-size);--awb-caption-title-transform:var(--h2_typography-text-transform);--awb-caption-title-line-height:var(--h2_typography-line-height);--awb-caption-title-letter-spacing:var(--h2_typography-letter-spacing);\"><div class=\"imageframe-align-center\"><span class=\" fusion-imageframe imageframe-none imageframe-3 hover-type-none\"><img decoding=\"async\" width=\"150\" height=\"150\" title=\"patrice\" src=\"https:\/\/www.lechantdesdauphins.com\/wp-content\/uploads\/2020\/06\/patrice-150x150.png\" alt class=\"img-responsive wp-image-50\" srcset=\"https:\/\/www.lechantdesdauphins.com\/wp-content\/uploads\/2020\/06\/patrice-66x66.png 66w, https:\/\/www.lechantdesdauphins.com\/wp-content\/uploads\/2020\/06\/patrice-100x100.png 100w, https:\/\/www.lechantdesdauphins.com\/wp-content\/uploads\/2020\/06\/patrice-150x150.png 150w, https:\/\/www.lechantdesdauphins.com\/wp-content\/uploads\/2020\/06\/patrice.png 200w\" sizes=\"(max-width: 150px) 100vw, 150px\" \/><\/span><\/div><\/div><div class=\"fusion-clearfix\"><\/div><\/div><\/div><div class=\"fusion-layout-column fusion_builder_column fusion-builder-column-3 fusion_builder_column_1_5 1_5 fusion-one-fifth\" style=\"--awb-bg-size:cover;width:20%;width:calc(20% - ( ( 4% + 4% + 4% + 4% ) * 0.2 ) );margin-right: 4%;\"><div class=\"fusion-column-wrapper fusion-column-has-shadow fusion-flex-column-wrapper-legacy\"><div class=\"fusion-image-element fusion-image-align-center in-legacy-container\" style=\"text-align:center;--awb-caption-title-font-family:var(--h2_typography-font-family);--awb-caption-title-font-weight:var(--h2_typography-font-weight);--awb-caption-title-font-style:var(--h2_typography-font-style);--awb-caption-title-size:var(--h2_typography-font-size);--awb-caption-title-transform:var(--h2_typography-text-transform);--awb-caption-title-line-height:var(--h2_typography-line-height);--awb-caption-title-letter-spacing:var(--h2_typography-letter-spacing);\"><div class=\"imageframe-align-center\"><span class=\" fusion-imageframe imageframe-none imageframe-4 hover-type-none\"><img decoding=\"async\" width=\"150\" height=\"150\" title=\"jean-marc\" src=\"https:\/\/www.lechantdesdauphins.com\/wp-content\/uploads\/2020\/06\/jean-marc-150x150.png\" alt class=\"img-responsive wp-image-52\" srcset=\"https:\/\/www.lechantdesdauphins.com\/wp-content\/uploads\/2020\/06\/jean-marc-66x66.png 66w, https:\/\/www.lechantdesdauphins.com\/wp-content\/uploads\/2020\/06\/jean-marc-100x100.png 100w, https:\/\/www.lechantdesdauphins.com\/wp-content\/uploads\/2020\/06\/jean-marc-150x150.png 150w, https:\/\/www.lechantdesdauphins.com\/wp-content\/uploads\/2020\/06\/jean-marc.png 200w\" sizes=\"(max-width: 150px) 100vw, 150px\" \/><\/span><\/div><\/div><div class=\"fusion-clearfix\"><\/div><\/div><\/div><div class=\"fusion-layout-column fusion_builder_column fusion-builder-column-4 fusion_builder_column_1_5 1_5 fusion-one-fifth fusion-column-last\" style=\"--awb-bg-size:cover;width:20%;width:calc(20% - ( ( 4% + 4% + 4% + 4% ) * 0.2 ) );\"><div class=\"fusion-column-wrapper fusion-column-has-shadow fusion-flex-column-wrapper-legacy\"><div class=\"fusion-image-element fusion-image-align-center in-legacy-container\" style=\"text-align:center;--awb-caption-title-font-family:var(--h2_typography-font-family);--awb-caption-title-font-weight:var(--h2_typography-font-weight);--awb-caption-title-font-style:var(--h2_typography-font-style);--awb-caption-title-size:var(--h2_typography-font-size);--awb-caption-title-transform:var(--h2_typography-text-transform);--awb-caption-title-line-height:var(--h2_typography-line-height);--awb-caption-title-letter-spacing:var(--h2_typography-letter-spacing);\"><div class=\"imageframe-align-center\"><span class=\" fusion-imageframe imageframe-none imageframe-5 hover-type-none\"><img decoding=\"async\" width=\"150\" height=\"150\" title=\"Arlette\" src=\"https:\/\/www.lechantdesdauphins.com\/wp-content\/uploads\/2020\/06\/Arlette-150x150.png\" alt class=\"img-responsive wp-image-54\" srcset=\"https:\/\/www.lechantdesdauphins.com\/wp-content\/uploads\/2020\/06\/Arlette-66x66.png 66w, https:\/\/www.lechantdesdauphins.com\/wp-content\/uploads\/2020\/06\/Arlette-100x100.png 100w, https:\/\/www.lechantdesdauphins.com\/wp-content\/uploads\/2020\/06\/Arlette-150x150.png 150w, https:\/\/www.lechantdesdauphins.com\/wp-content\/uploads\/2020\/06\/Arlette.png 200w\" sizes=\"(max-width: 150px) 100vw, 150px\" \/><\/span><\/div><\/div><div class=\"fusion-clearfix\"><\/div><\/div><\/div><\/div><\/div><div class=\"fusion-fullwidth fullwidth-box fusion-builder-row-2 nonhundred-percent-fullwidth non-hundred-percent-height-scrolling\" style=\"--awb-border-radius-top-left:0px;--awb-border-radius-top-right:0px;--awb-border-radius-bottom-right:0px;--awb-border-radius-bottom-left:0px;--awb-padding-top:6%;--awb-padding-right:8%;--awb-padding-left:8%;--awb-flex-wrap:wrap;\" ><div class=\"fusion-builder-row fusion-row\"><div class=\"fusion-layout-column fusion_builder_column fusion-builder-column-5 fusion_builder_column_1_1 1_1 fusion-one-full fusion-column-first fusion-column-last\" style=\"--awb-bg-size:cover;\"><div class=\"fusion-column-wrapper fusion-column-has-shadow fusion-flex-column-wrapper-legacy\"><div class=\"fusion-text fusion-text-1\"><h1 class=\"entry-title\"><span style=\"color: #0068b6;\">Contact pour organiser une sortie<\/span><\/h1>\n<p>Vous \u00eates int\u00e9ress\u00e9s pour faire participer\u00a0<strong>votre enfant<\/strong>\u00a0\/\u00a0<strong>votre groupe<\/strong>, \u00e0 notre programme de sorties en mer \u00e0 la d\u00e9couverte des dauphins dans leur milieu naturel, au d\u00e9part de Port-Fr\u00e9jus ?<\/p>\n<p><strong>Alors n&rsquo;h\u00e9sitez pas \u00e0 prendre contact avec nous par t\u00e9l\u00e9phone 06 22 62 20 41 <\/strong><strong>ou en r\u00e9pondant\u00a0au formulaire\u00a0ci-dessous&#8230;<\/strong><\/p>\n<\/div><div class=\"fusion-clearfix\"><\/div><\/div><\/div><div class=\"fusion-layout-column fusion_builder_column fusion-builder-column-6 fusion_builder_column_3_5 3_5 fusion-three-fifth fusion-column-first\" style=\"--awb-bg-size:cover;width:60%;width:calc(60% - ( ( 4% ) * 0.6 ) );margin-right: 4%;\"><div class=\"fusion-column-wrapper fusion-column-has-shadow fusion-flex-column-wrapper-legacy\"><div role=\"form\" class=\"wpcf7\" id=\"wpcf7-f245-o1\" lang=\"fr-FR\" dir=\"ltr\">\n<div class=\"screen-reader-response\" aria-live=\"polite\"><\/div>\n<form action=\"\/accueil\/wp-json\/wp\/v2\/pages\/246#wpcf7-f245-o1\" method=\"post\" class=\"wpcf7-form\" novalidate=\"novalidate\">\n<div style=\"display: none;\">\n<input type=\"hidden\" name=\"_wpcf7\" value=\"245\" \/>\n<input type=\"hidden\" name=\"_wpcf7_version\" value=\"5.1.9\" \/>\n<input type=\"hidden\" name=\"_wpcf7_locale\" value=\"fr_FR\" \/>\n<input type=\"hidden\" name=\"_wpcf7_unit_tag\" value=\"wpcf7-f245-o1\" \/>\n<input type=\"hidden\" name=\"_wpcf7_container_post\" value=\"0\" \/>\n<\/div>\n<p><label> Votre nom *<br \/>\n    <span class=\"wpcf7-form-control-wrap your-name\"><input type=\"text\" name=\"your-name\" value=\"\" size=\"40\" class=\"wpcf7-form-control wpcf7-text wpcf7-validates-as-required\" aria-required=\"true\" aria-invalid=\"false\" \/><\/span> <\/label><\/p>\n<p><label> Votre mail *<br \/>\n    <span class=\"wpcf7-form-control-wrap your-email\"><input type=\"email\" name=\"your-email\" value=\"\" size=\"40\" class=\"wpcf7-form-control wpcf7-text wpcf7-email wpcf7-validates-as-required wpcf7-validates-as-email\" aria-required=\"true\" aria-invalid=\"false\" \/><\/span> <\/label><\/p>\n<p><label> Votre t\u00e9l\u00e9phone *<br \/>\n   <span class=\"wpcf7-form-control-wrap tel-213\"><input type=\"tel\" name=\"tel-213\" value=\"\" size=\"40\" class=\"wpcf7-form-control wpcf7-text wpcf7-tel wpcf7-validates-as-required wpcf7-validates-as-tel\" aria-required=\"true\" aria-invalid=\"false\" \/><\/span> <\/label><\/p>\n<p><label> Merci de pr\u00e9ciser votre demande *<br \/>\n   <span class=\"wpcf7-form-control-wrap menu-216\"><select name=\"menu-216\" class=\"wpcf7-form-control wpcf7-select wpcf7-validates-as-required\" aria-required=\"true\" aria-invalid=\"false\"><option value=\"\">---<\/option><option value=\"Sorties en mer\">Sorties en mer<\/option><option value=\"Atelier\">Atelier<\/option><option value=\"Devenir Partenaire\">Devenir Partenaire<\/option><option value=\"Autre\">Autre<\/option><\/select><\/span> <\/label><\/p>\n<p><label> Votre message *<br \/>\n    <span class=\"wpcf7-form-control-wrap your-message\"><textarea name=\"your-message\" cols=\"40\" rows=\"10\" class=\"wpcf7-form-control wpcf7-textarea\" aria-invalid=\"false\"><\/textarea><\/span> <\/label><\/p>\n<p><input type=\"submit\" value=\"Envoyer\" class=\"wpcf7-form-control wpcf7-submit\" \/><\/p>\n<div class=\"fusion-alert alert custom alert-custom fusion-alert-center wpcf7-response-output wpcf7-display-none awb-alert-native-link-color alert-dismissable awb-alert-close-boxed\" style=\"--awb-border-size:1px;--awb-border-top-left-radius:0px;--awb-border-top-right-radius:0px;--awb-border-bottom-left-radius:0px;--awb-border-bottom-right-radius:0px;\" role=\"alert\"><div class=\"fusion-alert-content-wrapper\"><span class=\"fusion-alert-content\"><\/span><\/div><button type=\"button\" class=\"close toggle-alert\" data-dismiss=\"alert\" aria-label=\"Close\">&times;<\/button><\/div><\/form><\/div><div class=\"fusion-clearfix\"><\/div><\/div><\/div><div class=\"fusion-layout-column fusion_builder_column fusion-builder-column-7 fusion_builder_column_2_5 2_5 fusion-two-fifth fusion-column-last\" style=\"--awb-bg-size:cover;width:40%;width:calc(40% - ( ( 4% ) * 0.4 ) );\"><div class=\"fusion-column-wrapper fusion-column-has-shadow fusion-flex-column-wrapper-legacy\"><div class=\"fusion-clearfix\"><\/div><\/div><\/div><\/div><\/div><\/p>\n","protected":false},"excerpt":{"rendered":"","protected":false},"author":1,"featured_media":0,"parent":0,"menu_order":0,"comment_status":"closed","ping_status":"closed","template":"100-width.php","meta":{"footnotes":""},"yoast_head":"<!-- This site is optimized with the Yoast SEO plugin v14.2 - https:\/\/yoast.com\/wordpress\/plugins\/seo\/ -->\n<title>Contact - Le Chant des Dauphins<\/title>\n<meta name=\"robots\" content=\"index, follow\" \/>\n<meta name=\"googlebot\" content=\"index, follow, max-snippet:-1, max-image-preview:large, max-video-preview:-1\" \/>\n<meta name=\"bingbot\" content=\"index, follow, max-snippet:-1, max-image-preview:large, max-video-preview:-1\" \/>\n<link rel=\"canonical\" href=\"https:\/\/www.lechantdesdauphins.com\/accueil\/contact\/\" \/>\n<meta property=\"og:locale\" content=\"fr_FR\" \/>\n<meta property=\"og:type\" content=\"article\" \/>\n<meta property=\"og:title\" content=\"Contact - Le Chant des Dauphins\" \/>\n<meta property=\"og:url\" content=\"https:\/\/www.lechantdesdauphins.com\/accueil\/contact\/\" \/>\n<meta property=\"og:site_name\" content=\"Le Chant des Dauphins\" \/>\n<meta property=\"article:modified_time\" content=\"2026-02-24T20:28:47+00:00\" \/>\n<meta name=\"twitter:card\" content=\"summary_large_image\" \/>\n<script type=\"application\/ld+json\" class=\"yoast-schema-graph\">{\"@context\":\"https:\/\/schema.org\",\"@graph\":[{\"@type\":\"WebSite\",\"@id\":\"https:\/\/www.lechantdesdauphins.com\/accueil\/#website\",\"url\":\"https:\/\/www.lechantdesdauphins.com\/accueil\/\",\"name\":\"Le Chant des Dauphins\",\"description\":\"\",\"potentialAction\":[{\"@type\":\"SearchAction\",\"target\":\"https:\/\/www.lechantdesdauphins.com\/accueil\/?s={search_term_string}\",\"query-input\":\"required name=search_term_string\"}],\"inLanguage\":\"fr-FR\"},{\"@type\":\"WebPage\",\"@id\":\"https:\/\/www.lechantdesdauphins.com\/accueil\/contact\/#webpage\",\"url\":\"https:\/\/www.lechantdesdauphins.com\/accueil\/contact\/\",\"name\":\"Contact - Le Chant des Dauphins\",\"isPartOf\":{\"@id\":\"https:\/\/www.lechantdesdauphins.com\/accueil\/#website\"},\"datePublished\":\"2020-06-07T15:58:44+00:00\",\"dateModified\":\"2026-02-24T20:28:47+00:00\",\"inLanguage\":\"fr-FR\",\"potentialAction\":[{\"@type\":\"ReadAction\",\"target\":[\"https:\/\/www.lechantdesdauphins.com\/accueil\/contact\/\"]}]}]}<\/script>\n<!-- \/ Yoast SEO plugin. -->","_links":{"self":[{"href":"https:\/\/www.lechantdesdauphins.com\/accueil\/wp-json\/wp\/v2\/pages\/246"}],"collection":[{"href":"https:\/\/www.lechantdesdauphins.com\/accueil\/wp-json\/wp\/v2\/pages"}],"about":[{"href":"https:\/\/www.lechantdesdauphins.com\/accueil\/wp-json\/wp\/v2\/types\/page"}],"author":[{"embeddable":true,"href":"https:\/\/www.lechantdesdauphins.com\/accueil\/wp-json\/wp\/v2\/users\/1"}],"replies":[{"embeddable":true,"href":"https:\/\/www.lechantdesdauphins.com\/accueil\/wp-json\/wp\/v2\/comments?post=246"}],"version-history":[{"count":5,"href":"https:\/\/www.lechantdesdauphins.com\/accueil\/wp-json\/wp\/v2\/pages\/246\/revisions"}],"predecessor-version":[{"id":623,"href":"https:\/\/www.lechantdesdauphins.com\/accueil\/wp-json\/wp\/v2\/pages\/246\/revisions\/623"}],"wp:attachment":[{"href":"https:\/\/www.lechantdesdauphins.com\/accueil\/wp-json\/wp\/v2\/media?parent=246"}],"curies":[{"name":"wp","href":"https:\/\/api.w.org\/{rel}","templated":true}]}}