{"id":208,"date":"2020-06-07T17:45:45","date_gmt":"2020-06-07T15:45:45","guid":{"rendered":"https:\/\/www.lechantdesdauphins.com\/?page_id=208"},"modified":"2020-07-11T11:27:36","modified_gmt":"2020-07-11T09:27:36","slug":"les-manifestations","status":"publish","type":"page","link":"https:\/\/www.lechantdesdauphins.com\/accueil\/les-manifestations\/","title":{"rendered":"Les manifestations"},"content":{"rendered":"<p><div class=\"fusion-fullwidth fullwidth-box fusion-builder-row-1 hundred-percent-fullwidth non-hundred-percent-height-scrolling\" style=\"--awb-border-radius-top-left:0px;--awb-border-radius-top-right:0px;--awb-border-radius-bottom-right:0px;--awb-border-radius-bottom-left:0px;--awb-flex-wrap:wrap;\" ><div class=\"fusion-builder-row fusion-row\"><div class=\"fusion-layout-column fusion_builder_column fusion-builder-column-0 fusion_builder_column_1_1 1_1 fusion-one-full fusion-column-first fusion-column-last\" style=\"--awb-bg-size:cover;\"><div class=\"fusion-column-wrapper fusion-column-has-shadow fusion-flex-column-wrapper-legacy\"><div class=\"fusion-image-element fusion-image-align-center in-legacy-container\" style=\"text-align:center;--awb-caption-title-font-family:var(--h2_typography-font-family);--awb-caption-title-font-weight:var(--h2_typography-font-weight);--awb-caption-title-font-style:var(--h2_typography-font-style);--awb-caption-title-size:var(--h2_typography-font-size);--awb-caption-title-transform:var(--h2_typography-text-transform);--awb-caption-title-line-height:var(--h2_typography-line-height);--awb-caption-title-letter-spacing:var(--h2_typography-letter-spacing);\"><div class=\"imageframe-align-center\"><span class=\" fusion-imageframe imageframe-none imageframe-1 hover-type-none\"><img decoding=\"async\" width=\"1500\" height=\"400\" title=\"les-manifestations-chant-des-dauphins\" src=\"https:\/\/www.lechantdesdauphins.com\/wp-content\/uploads\/2020\/06\/les-manifestations-chant-des-dauphins.jpg\" alt class=\"img-responsive wp-image-218\" srcset=\"https:\/\/www.lechantdesdauphins.com\/wp-content\/uploads\/2020\/06\/les-manifestations-chant-des-dauphins-200x53.jpg 200w, https:\/\/www.lechantdesdauphins.com\/wp-content\/uploads\/2020\/06\/les-manifestations-chant-des-dauphins-400x107.jpg 400w, https:\/\/www.lechantdesdauphins.com\/wp-content\/uploads\/2020\/06\/les-manifestations-chant-des-dauphins-600x160.jpg 600w, https:\/\/www.lechantdesdauphins.com\/wp-content\/uploads\/2020\/06\/les-manifestations-chant-des-dauphins-800x213.jpg 800w, https:\/\/www.lechantdesdauphins.com\/wp-content\/uploads\/2020\/06\/les-manifestations-chant-des-dauphins-1200x320.jpg 1200w, https:\/\/www.lechantdesdauphins.com\/wp-content\/uploads\/2020\/06\/les-manifestations-chant-des-dauphins.jpg 1500w\" sizes=\"(max-width: 800px) 100vw, 1500px\" \/><\/span><\/div><\/div><div class=\"fusion-clearfix\"><\/div><\/div><\/div><\/div><\/div><div class=\"fusion-fullwidth fullwidth-box fusion-builder-row-2 nonhundred-percent-fullwidth non-hundred-percent-height-scrolling fusion-equal-height-columns\" style=\"--awb-border-radius-top-left:0px;--awb-border-radius-top-right:0px;--awb-border-radius-bottom-right:0px;--awb-border-radius-bottom-left:0px;--awb-padding-top:-20px;--awb-padding-right:0px;--awb-padding-bottom:0px;--awb-padding-left:0px;--awb-flex-wrap:wrap;\" ><div class=\"fusion-builder-row fusion-row\"><div class=\"fusion-layout-column fusion_builder_column fusion-builder-column-1 fusion_builder_column_1_1 1_1 fusion-one-full fusion-column-first fusion-column-last\" style=\"--awb-bg-size:cover;\"><div class=\"fusion-column-wrapper fusion-column-has-shadow fusion-flex-column-wrapper-legacy\"><div class=\"fusion-text fusion-text-1\"><h1 style=\"text-align: center;\"><span style=\"color: #0068b6;\">Les \u00e9v\u00e8nements du Chant des Dauphins<\/span><\/h1>\n<p style=\"text-align: center;\">Toute l\u2019ann\u00e9e, le Chant des Dauphins organise des manifestations de bienfaisance afin de r\u00e9colter les fonds permettant de faciliter la r\u00e9alisation de nos objectifs en faisant appel \u00e0 la g\u00e9n\u00e9rosit\u00e9 du public.<\/p>\n<p style=\"text-align: center;\">Notre association participe \u00e9galement \u00e0 des forums, salons et tous types d\u2019\u00e9v\u00e9nements autour des th\u00e8mes de l\u2019autisme, du handicap mais \u00e9galement de la protection de l\u2019environnement littoral et marin afin de faire conna\u00eetre ses actions et engagements aupr\u00e8s du public.<\/p>\n<p style=\"text-align: center;\">Au fil des ann\u00e9es, le Chant des Dauphins a aussi nou\u00e9 des liens avec d\u2019autres associations locales qui organisent des manifestations caritatives dont elles nous reversent g\u00e9n\u00e9reusement tout ou partie des b\u00e9n\u00e9fices.<\/p>\n<\/div><div class=\"fusion-clearfix\"><\/div><\/div><\/div><\/div><\/div><div class=\"fusion-fullwidth fullwidth-box fusion-builder-row-3 nonhundred-percent-fullwidth non-hundred-percent-height-scrolling\" style=\"--awb-border-radius-top-left:0px;--awb-border-radius-top-right:0px;--awb-border-radius-bottom-right:0px;--awb-border-radius-bottom-left:0px;--awb-padding-top:20px;--awb-background-color:#f3f3f3;--awb-flex-wrap:wrap;\" ><div class=\"fusion-builder-row fusion-row\"><div class=\"fusion-layout-column fusion_builder_column fusion-builder-column-2 fusion_builder_column_1_1 1_1 fusion-one-full fusion-column-first fusion-column-last\" style=\"--awb-bg-size:cover;\"><div class=\"fusion-column-wrapper fusion-column-has-shadow fusion-flex-column-wrapper-legacy\"><div class=\"fusion-text fusion-text-2\"><h2 style=\"text-align: center;\"><span style=\"color: #0068b6;\">Les manifestations de bienfaisance organis\u00e9es par le Chant des Dauphins<\/span><\/h2>\n<p style=\"text-align: center;\"><span style=\"color: #000000;\">Le Chant des Dauphins propose chaque ann\u00e9e plusieurs manifestations tout public. Ces lotos, concerts, soir\u00e9es et th\u00e9s dansants nous permettent de collecter des ressources compl\u00e9mentaires n\u00e9cessaires \u00e0 la p\u00e9rennisation de nos activit\u00e9s. Ces \u00e9v\u00e9nements sont aussi l\u2019occasion d\u2019attirer l\u2019attention du public sur la situation des personnes autistes et handicap\u00e9es.<\/span><\/p>\n<\/div><div class=\"fusion-clearfix\"><\/div><\/div><\/div><div class=\"fusion-layout-column fusion_builder_column fusion-builder-column-3 fusion_builder_column_1_1 1_1 fusion-one-full fusion-column-first fusion-column-last\" style=\"--awb-bg-size:cover;\"><div class=\"fusion-column-wrapper fusion-column-has-shadow fusion-flex-column-wrapper-legacy\"><div class=\"fusion-flip-boxes flip-boxes row fusion-columns-2 flip-effect-classic equal-heights\"><div class=\"fusion-flip-box-wrapper fusion-column col-lg-6 col-md-6 col-sm-6\"><div class=\"fusion-flip-box flip-down\" tabindex=\"0\"><div class=\"flip-box-inner-wrapper\"><div class=\"flip-box-front\" style=\"--awb-background-color-front:#3f93d2;--awb-title-front-color:#ffffff;--awb-text-front-color:#ffffff;\"><div class=\"flip-box-front-inner\"><div class=\"flip-box-grafix flip-box-no-circle\"><i aria-hidden=\"true\" class=\"fa-dice fas fa-flip-horizontal\"><\/i><\/div><h2 class=\"flip-box-heading without-text\">Le loto annuel<\/h2><\/div><\/div><div class=\"flip-box-back\" style=\"--awb-background-color-back:#0068b6;--awb-title-back-color:#ffffff;--awb-text-back-color:#ffffff;\"><div class=\"flip-box-back-inner\"><h3 class=\"flip-box-heading-back\">Le loto annuel<\/h3>\n<p>Le loto annuel du Chant des Dauphins est un \u00e9v\u00e9nement phare la vie de l\u2019association qui remporte \u00e0 chaque fois un franc succ\u00e8s. Bonne humeur et ambiance festive sont en effet les ma\u00eetres mots des apr\u00e8s-midis loto.<\/p>\n<p>L\u2019animation du loto et l\u2019ambiance musicale sont gracieusement assur\u00e9es par les\u00a0<span style=\"color: #ffffff;\"><strong>DJ de Magic Melody<\/strong><\/span>\u00a0et les lots sont g\u00e9n\u00e9reusement offerts par les commer\u00e7ants et artisans locaux.<\/p>\n<\/div><\/div><\/div><\/div><\/div><div class=\"fusion-flip-box-wrapper fusion-column col-lg-6 col-md-6 col-sm-6\"><div class=\"fusion-flip-box flip-down\" tabindex=\"0\"><div class=\"flip-box-inner-wrapper\"><div class=\"flip-box-front\" style=\"--awb-background-color-front:#3f93d2;--awb-title-front-color:#ffffff;--awb-text-front-color:#ffffff;\"><div class=\"flip-box-front-inner\"><div class=\"flip-box-grafix flip-box-no-circle\"><i aria-hidden=\"true\" class=\"fa-music fas fa-flip-horizontal\"><\/i><\/div><h2 class=\"flip-box-heading without-text\">Concerts, Soir\u00e9es cabaret, repas dansants<\/h2><\/div><\/div><div class=\"flip-box-back\" style=\"--awb-background-color-back:#0068b6;--awb-title-back-color:#ffffff;--awb-text-back-color:#ffffff;\"><div class=\"flip-box-back-inner\"><h3 class=\"flip-box-heading-back\">Concerts, Soir\u00e9es cabaret, repas dansants<\/h3>\n<p>Depuis sa cr\u00e9ation, l\u2019association est ponctu\u00e9e de diverses manifestations festives. Ces \u00e9v\u00e9nements remportent \u00e0 chaque fois un vif succ\u00e8s.<\/p>\n<p><span style=\"color: #0068b6;\"><strong>Tous les artistes qui font de ces manifestations de v\u00e9ritables r\u00e9ussites mettent leur talent et leur enthousiasme b\u00e9n\u00e9volement au service du Chant des Dauphins et nous les en remercions de tout coeur.<\/strong><\/span><\/p>\n<\/div><\/div><\/div><\/div><\/div><\/div><div class=\"clearfix\"><\/div><div class=\"fusion-clearfix\"><\/div><\/div><\/div><\/div><\/div><div class=\"fusion-fullwidth fullwidth-box fusion-builder-row-4 nonhundred-percent-fullwidth non-hundred-percent-height-scrolling\" style=\"--awb-border-radius-top-left:0px;--awb-border-radius-top-right:0px;--awb-border-radius-bottom-right:0px;--awb-border-radius-bottom-left:0px;--awb-flex-wrap:wrap;\" ><div class=\"fusion-builder-row fusion-row\"><div class=\"fusion-layout-column fusion_builder_column fusion-builder-column-4 fusion_builder_column_1_1 1_1 fusion-one-full fusion-column-first fusion-column-last\" style=\"--awb-padding-top:20px;--awb-bg-size:cover;\"><div class=\"fusion-column-wrapper fusion-column-has-shadow fusion-flex-column-wrapper-legacy\"><div class=\"fusion-text fusion-text-3\"><h2 style=\"text-align: center;\"><span style=\"color: #0068b6;\">Participation \u00e0 la vie locale<\/span><\/h2>\n<\/div><div class=\"fusion-clearfix\"><\/div><\/div><\/div><\/div><\/div><div class=\"fusion-fullwidth fullwidth-box fusion-builder-row-5 hundred-percent-fullwidth non-hundred-percent-height-scrolling fusion-equal-height-columns\" style=\"--awb-border-radius-top-left:0px;--awb-border-radius-top-right:0px;--awb-border-radius-bottom-right:0px;--awb-border-radius-bottom-left:0px;--awb-padding-top:0px;--awb-padding-right:0px;--awb-padding-bottom:0px;--awb-padding-left:0px;--awb-flex-wrap:wrap;\" ><div class=\"fusion-builder-row fusion-row\"><div class=\"fusion-layout-column fusion_builder_column fusion-builder-column-5 fusion_builder_column_1_2 1_2 fusion-one-half fusion-column-first\" style=\"--awb-padding-top:6%;--awb-padding-right:8%;--awb-padding-bottom:10%;--awb-padding-left:6%;--awb-bg-color:#3f93d2;--awb-bg-color-hover:#3f93d2;--awb-bg-size:cover;--awb-margin-bottom:0px;\"><div class=\"fusion-column-wrapper fusion-column-has-shadow fusion-flex-column-wrapper-legacy\"><div class=\"fusion-text fusion-text-4\"><h3 style=\"padding-left: 30px;\"><span style=\"color: #ffffff;\"><b><i>Le Forum du handicap de l\u2019Est-Var de Saint-Rapha\u00ebl<\/i><\/b><\/span><\/h3>\n<p><span style=\"color: #ffffff;\">Le Chant des Dauphins participe tous les ans au Forum du Handicap de Saint-Rapha\u00ebl.<\/span><\/p>\n<p><span style=\"color: #ffffff;\">En 2017, le Forum du handicap se tiendra le 3 mai au Palais des Congr\u00e8s de Saint-Rapha\u00ebl sur le th\u00e8me\u00a0<i>\u00ab\u00a0Cap sur l\u2019aide, la solidarit\u00e9, le partage\u00a0\u00bb<\/i>.<\/span><\/p>\n<p><span style=\"color: #ffffff;\">Ce forum propose le temps d\u2019une journ\u00e9e aux particuliers, familles et associations de s\u2019informer et d\u2019\u00e9changer notamment sur la prise en charge et l\u2019accompagnement des handicaps.<\/span><\/p>\n<p><span style=\"color: #ffffff;\">Pour le Chant des Dauphins, cet \u00e9v\u00e9nement repr\u00e9sente une excellente occasion de faire conna\u00eetre nos actions aux structures locales sp\u00e9cialis\u00e9es dans la prise en charge du handicap. Ce forum est \u00e9galement un lieu privil\u00e9gi\u00e9 de rencontre avec les familles.<\/span><\/p>\n<\/div><div class=\"fusion-clearfix\"><\/div><\/div><\/div><div class=\"fusion-layout-column fusion_builder_column fusion-builder-column-6 fusion_builder_column_1_2 1_2 fusion-one-half fusion-column-last\" style=\"--awb-padding-top:6%;--awb-padding-right:8%;--awb-padding-bottom:10%;--awb-padding-left:6%;--awb-bg-color:#0068b6;--awb-bg-color-hover:#0068b6;--awb-bg-size:cover;--awb-margin-bottom:0px;\"><div class=\"fusion-column-wrapper fusion-column-has-shadow fusion-flex-column-wrapper-legacy\"><div class=\"fusion-text fusion-text-5\"><h4 style=\"padding-left: 30px;\"><span style=\"color: #ffffff;\"><b><i>La F\u00eate des Associations<\/i><\/b><\/span><\/h4>\n<p><span style=\"color: #ffffff;\">A chaque rentr\u00e9e de septembre, le Chant des Dauphins est pr\u00e9sent au\u00a0<strong>Forum des Associations de Fr\u00e9jus<\/strong>\u00a0et au\u00a0<strong>Carrefour des Associations de Roquebrune-sur-Argens<\/strong>.<\/span><\/p>\n<\/div><div class=\"fusion-clearfix\"><\/div><\/div><\/div><\/div><\/div><div class=\"fusion-fullwidth fullwidth-box fusion-builder-row-6 nonhundred-percent-fullwidth non-hundred-percent-height-scrolling\" style=\"--awb-border-radius-top-left:0px;--awb-border-radius-top-right:0px;--awb-border-radius-bottom-right:0px;--awb-border-radius-bottom-left:0px;--awb-flex-wrap:wrap;\" ><div class=\"fusion-builder-row fusion-row\"><div class=\"fusion-layout-column fusion_builder_column fusion-builder-column-7 fusion_builder_column_1_1 1_1 fusion-one-full fusion-column-first fusion-column-last\" style=\"--awb-padding-top:20px;--awb-padding-bottom:20px;--awb-bg-size:cover;\"><div class=\"fusion-column-wrapper fusion-column-has-shadow fusion-flex-column-wrapper-legacy\"><div class=\"fusion-text fusion-text-6\"><h2 style=\"text-align: center;\"><span style=\"color: #0068b6;\">Les \u00e9v\u00e8nements partenaires du Chant des Dauphins<\/span><\/h2>\n<\/div><div class=\"fusion-text fusion-text-7\"><p style=\"text-align: center;\">Des associations locales de plus en plus nombreuses t\u00e9moignent leur solidarit\u00e9 au Chant des Dauphins en organisant des \u00e9v\u00e9nements sportifs ou artistiques dont une partie ou la totalit\u00e9 des b\u00e9n\u00e9fices est g\u00e9n\u00e9reusement revers\u00e9e \u00e0 notre association.<\/p>\n<p style=\"text-align: center;\"><span style=\"color: #0068b6;\"><strong>Nous tenons \u00e0 les remercier chaleureusement pour leur pr\u00e9cieux soutien gr\u00e2ce auquel nous pouvons offrir chaque ann\u00e9e davantage de sorties aux personnes autistes et en situation de handicap.<\/strong><\/span><\/p>\n<\/div><div class=\"fusion-clearfix\"><\/div><\/div><\/div><div class=\"fusion-layout-column fusion_builder_column fusion-builder-column-8 fusion_builder_column_1_4 1_4 fusion-one-fourth fusion-column-first\" style=\"--awb-padding-top:10px;--awb-bg-size:cover;width:25%;width:calc(25% - ( ( 4% ) * 0.25 ) );margin-right: 4%;\"><div class=\"fusion-column-wrapper fusion-column-has-shadow fusion-flex-column-wrapper-legacy\"><div class=\"fusion-image-element fusion-image-align-center in-legacy-container\" style=\"text-align:center;--awb-caption-title-font-family:var(--h2_typography-font-family);--awb-caption-title-font-weight:var(--h2_typography-font-weight);--awb-caption-title-font-style:var(--h2_typography-font-style);--awb-caption-title-size:var(--h2_typography-font-size);--awb-caption-title-transform:var(--h2_typography-text-transform);--awb-caption-title-line-height:var(--h2_typography-line-height);--awb-caption-title-letter-spacing:var(--h2_typography-letter-spacing);\"><div class=\"imageframe-align-center\"><span class=\" fusion-imageframe imageframe-none imageframe-2 hover-type-none\"><img decoding=\"async\" width=\"150\" height=\"150\" title=\"Logo-UPR-trans\" src=\"https:\/\/www.lechantdesdauphins.com\/wp-content\/uploads\/2020\/06\/Logo-UPR-trans-150x150.png\" alt class=\"img-responsive wp-image-229\" srcset=\"https:\/\/www.lechantdesdauphins.com\/wp-content\/uploads\/2020\/06\/Logo-UPR-trans-200x201.png 200w, https:\/\/www.lechantdesdauphins.com\/wp-content\/uploads\/2020\/06\/Logo-UPR-trans.png 240w\" sizes=\"(max-width: 800px) 100vw, 150px\" \/><\/span><\/div><\/div><div class=\"fusion-clearfix\"><\/div><\/div><\/div><div class=\"fusion-layout-column fusion_builder_column fusion-builder-column-9 fusion_builder_column_3_4 3_4 fusion-three-fourth fusion-column-last\" style=\"--awb-bg-size:cover;width:75%;width:calc(75% - ( ( 4% ) * 0.75 ) );\"><div class=\"fusion-column-wrapper fusion-column-has-shadow fusion-flex-column-wrapper-legacy\"><div class=\"fusion-text fusion-text-8\"><h4><span style=\"color: #0068b6;\"><b><i>Le Paddle Raid<\/i><\/b><\/span><\/h4>\n<p><span style=\"color: #0068b6;\">Depuis 2016, l\u2019association fr\u00e9jussienne\u00a0<strong>\u00ab\u00a0Extr\u00eame Glisse Ev\u00e9nement\u00a0\u00bb<\/strong>\u00a0organise le \u00ab\u00a0Paddle Raid\u00a0\u00bb.<\/span><\/p>\n<p><span style=\"color: #0068b6;\">D\u00e9fi sportif unique en France, le Paddle Raid est un raid longue distance de 180 km r\u00e9alis\u00e9e en stand-up paddle entre Fr\u00e9jus et Calvi.<\/span><\/p>\n<p><span style=\"color: #0068b6;\">L\u2019association organisatrice de cette course de l\u2019extr\u00eame reverse au Chant des Dauphins les sommes r\u00e9colt\u00e9es gr\u00e2ce aux inscriptions et aux appels aux dons.<\/span><\/p>\n<p><span style=\"color: #0068b6;\">De son c\u00f4t\u00e9, le Chant des Dauphins participe \u00e0 l\u2019assistance et \u00e0 la logistique de l\u2019\u00e9preuve en mettant son voilier\u00a0<\/span><br \/>\n<span style=\"color: #0068b6;\"><i>\u00ab\u00a0La Crevette des Flots\u00a0\u00bb<\/i>\u00a0\u00e0 la disposition des organisateurs pendant la travers\u00e9e.<\/span><\/p>\n<p><span style=\"color: #0068b6;\"><em>Pour en savoir plus sur le Paddle Raid,\u00a0<strong><a style=\"color: #0068b6;\" href=\"http:\/\/www.paddleraid.fr\/\" target=\"_blank\" rel=\"noopener noreferrer\">cliquez ici<\/a><\/strong><\/em><\/span><\/p>\n<\/div><div class=\"fusion-clearfix\"><\/div><\/div><\/div><\/div><\/div><\/p>\n","protected":false},"excerpt":{"rendered":"","protected":false},"author":1,"featured_media":0,"parent":0,"menu_order":0,"comment_status":"closed","ping_status":"closed","template":"100-width.php","meta":{"footnotes":""},"yoast_head":"<!-- This site is optimized with the Yoast SEO plugin v14.2 - https:\/\/yoast.com\/wordpress\/plugins\/seo\/ -->\n<title>Les manifestations - Le Chant des Dauphins<\/title>\n<meta name=\"robots\" content=\"index, follow\" \/>\n<meta name=\"googlebot\" content=\"index, follow, max-snippet:-1, max-image-preview:large, max-video-preview:-1\" \/>\n<meta name=\"bingbot\" content=\"index, follow, max-snippet:-1, max-image-preview:large, max-video-preview:-1\" \/>\n<link rel=\"canonical\" href=\"https:\/\/www.lechantdesdauphins.com\/les-manifestations\/\" \/>\n<meta property=\"og:locale\" content=\"fr_FR\" \/>\n<meta property=\"og:type\" content=\"article\" \/>\n<meta property=\"og:title\" content=\"Les manifestations - Le Chant des Dauphins\" \/>\n<meta property=\"og:url\" content=\"https:\/\/www.lechantdesdauphins.com\/les-manifestations\/\" \/>\n<meta property=\"og:site_name\" content=\"Le Chant des Dauphins\" \/>\n<meta property=\"article:modified_time\" content=\"2020-07-11T09:27:36+00:00\" \/>\n<meta name=\"twitter:card\" content=\"summary_large_image\" \/>\n<script type=\"application\/ld+json\" class=\"yoast-schema-graph\">{\"@context\":\"https:\/\/schema.org\",\"@graph\":[{\"@type\":\"WebSite\",\"@id\":\"https:\/\/www.lechantdesdauphins.com\/accueil\/#website\",\"url\":\"https:\/\/www.lechantdesdauphins.com\/accueil\/\",\"name\":\"Le Chant des Dauphins\",\"description\":\"\",\"potentialAction\":[{\"@type\":\"SearchAction\",\"target\":\"https:\/\/www.lechantdesdauphins.com\/accueil\/?s={search_term_string}\",\"query-input\":\"required name=search_term_string\"}],\"inLanguage\":\"fr-FR\"},{\"@type\":\"WebPage\",\"@id\":\"https:\/\/www.lechantdesdauphins.com\/les-manifestations\/#webpage\",\"url\":\"https:\/\/www.lechantdesdauphins.com\/les-manifestations\/\",\"name\":\"Les manifestations - Le Chant des Dauphins\",\"isPartOf\":{\"@id\":\"https:\/\/www.lechantdesdauphins.com\/accueil\/#website\"},\"datePublished\":\"2020-06-07T15:45:45+00:00\",\"dateModified\":\"2020-07-11T09:27:36+00:00\",\"inLanguage\":\"fr-FR\",\"potentialAction\":[{\"@type\":\"ReadAction\",\"target\":[\"https:\/\/www.lechantdesdauphins.com\/les-manifestations\/\"]}]}]}<\/script>\n<!-- \/ Yoast SEO plugin. -->","_links":{"self":[{"href":"https:\/\/www.lechantdesdauphins.com\/accueil\/wp-json\/wp\/v2\/pages\/208"}],"collection":[{"href":"https:\/\/www.lechantdesdauphins.com\/accueil\/wp-json\/wp\/v2\/pages"}],"about":[{"href":"https:\/\/www.lechantdesdauphins.com\/accueil\/wp-json\/wp\/v2\/types\/page"}],"author":[{"embeddable":true,"href":"https:\/\/www.lechantdesdauphins.com\/accueil\/wp-json\/wp\/v2\/users\/1"}],"replies":[{"embeddable":true,"href":"https:\/\/www.lechantdesdauphins.com\/accueil\/wp-json\/wp\/v2\/comments?post=208"}],"version-history":[{"count":35,"href":"https:\/\/www.lechantdesdauphins.com\/accueil\/wp-json\/wp\/v2\/pages\/208\/revisions"}],"predecessor-version":[{"id":387,"href":"https:\/\/www.lechantdesdauphins.com\/accueil\/wp-json\/wp\/v2\/pages\/208\/revisions\/387"}],"wp:attachment":[{"href":"https:\/\/www.lechantdesdauphins.com\/accueil\/wp-json\/wp\/v2\/media?parent=208"}],"curies":[{"name":"wp","href":"https:\/\/api.w.org\/{rel}","templated":true}]}}