{"id":186,"date":"2020-06-07T16:59:22","date_gmt":"2020-06-07T14:59:22","guid":{"rendered":"https:\/\/www.lechantdesdauphins.com\/?page_id=186"},"modified":"2020-09-23T11:28:26","modified_gmt":"2020-09-23T09:28:26","slug":"public-concerne-par-les-sorties-en-mer","status":"publish","type":"page","link":"https:\/\/www.lechantdesdauphins.com\/accueil\/public-concerne-par-les-sorties-en-mer\/","title":{"rendered":"Public concern\u00e9"},"content":{"rendered":"<p><div class=\"fusion-fullwidth fullwidth-box fusion-builder-row-1 nonhundred-percent-fullwidth non-hundred-percent-height-scrolling\" style=\"--awb-border-radius-top-left:0px;--awb-border-radius-top-right:0px;--awb-border-radius-bottom-right:0px;--awb-border-radius-bottom-left:0px;--awb-flex-wrap:wrap;\" ><div class=\"fusion-builder-row fusion-row\"><div class=\"fusion-layout-column fusion_builder_column fusion-builder-column-0 fusion_builder_column_1_2 1_2 fusion-one-half fusion-column-first\" style=\"--awb-padding-top:20px;--awb-bg-size:cover;width:50%;width:calc(50% - ( ( 4% ) * 0.5 ) );margin-right: 4%;\"><div class=\"fusion-column-wrapper fusion-column-has-shadow fusion-flex-column-wrapper-legacy\"><div class=\"fusion-text fusion-text-1\"><h2><span style=\"color: #0068b6;\">A qui s&rsquo;adressent les sorties du Chant des Dauphins ?\u00a0<\/span><\/h2>\n<h2><\/h2>\n<\/div><div class=\"fusion-text fusion-text-2\"><p><span style=\"color: #3f93d2;\"><strong>Sous r\u00e9serve d\u2019adh\u00e9sion \u00e0 l\u2019association, nos sorties sont ouvertes \u00e0 toute personne autiste, en situation de handicap, souffrant de d\u00e9ficit sensoriel, cognitif ou de troubles relationnels. Ces sorties sont gratuites.<\/strong><\/span><\/p>\n<p>Notre voilier \u00ab\u00a0La Crevette des Flots\u00a0\u00bb est homologu\u00e9 pour 10 personnes en navigation semi-hauturi\u00e8re mais n\u2019est malheureusement pas \u00e9quip\u00e9 pour accueillir les personnes en fauteuil. Un chef de bord et un marin form\u00e9 \u00e0 l&rsquo;observation des c\u00e9tac\u00e9s composent l&rsquo;\u00e9quipage, il reste donc 8 places pour les participants.<\/p>\n<\/div><div class=\"fusion-clearfix\"><\/div><\/div><\/div><div class=\"fusion-layout-column fusion_builder_column fusion-builder-column-1 fusion_builder_column_1_2 1_2 fusion-one-half fusion-column-last\" style=\"--awb-bg-size:cover;width:50%;width:calc(50% - ( ( 4% ) * 0.5 ) );\"><div class=\"fusion-column-wrapper fusion-column-has-shadow fusion-flex-column-wrapper-legacy\"><div class=\"fusion-image-element in-legacy-container\" style=\"--awb-caption-title-font-family:var(--h2_typography-font-family);--awb-caption-title-font-weight:var(--h2_typography-font-weight);--awb-caption-title-font-style:var(--h2_typography-font-style);--awb-caption-title-size:var(--h2_typography-font-size);--awb-caption-title-transform:var(--h2_typography-text-transform);--awb-caption-title-line-height:var(--h2_typography-line-height);--awb-caption-title-letter-spacing:var(--h2_typography-letter-spacing);\"><span class=\" fusion-imageframe imageframe-none imageframe-1 hover-type-none\"><img decoding=\"async\" width=\"960\" height=\"720\" title=\"61674327_2958162624208779_5799277181947346944_o\" src=\"https:\/\/www.lechantdesdauphins.com\/wp-content\/uploads\/2020\/06\/61674327_2958162624208779_5799277181947346944_o.jpg\" alt class=\"img-responsive wp-image-196\" srcset=\"https:\/\/www.lechantdesdauphins.com\/wp-content\/uploads\/2020\/06\/61674327_2958162624208779_5799277181947346944_o-200x150.jpg 200w, https:\/\/www.lechantdesdauphins.com\/wp-content\/uploads\/2020\/06\/61674327_2958162624208779_5799277181947346944_o-400x300.jpg 400w, https:\/\/www.lechantdesdauphins.com\/wp-content\/uploads\/2020\/06\/61674327_2958162624208779_5799277181947346944_o-600x450.jpg 600w, https:\/\/www.lechantdesdauphins.com\/wp-content\/uploads\/2020\/06\/61674327_2958162624208779_5799277181947346944_o-800x600.jpg 800w, https:\/\/www.lechantdesdauphins.com\/wp-content\/uploads\/2020\/06\/61674327_2958162624208779_5799277181947346944_o.jpg 960w\" sizes=\"(max-width: 800px) 100vw, 600px\" \/><\/span><\/div><div class=\"fusion-clearfix\"><\/div><\/div><\/div><\/div><\/div><div class=\"fusion-fullwidth fullwidth-box fusion-builder-row-2 nonhundred-percent-fullwidth non-hundred-percent-height-scrolling\" style=\"--awb-border-radius-top-left:0px;--awb-border-radius-top-right:0px;--awb-border-radius-bottom-right:0px;--awb-border-radius-bottom-left:0px;--awb-background-color:#f3f3f3;--awb-flex-wrap:wrap;\" ><div class=\"fusion-builder-row fusion-row\"><div class=\"fusion-layout-column fusion_builder_column fusion-builder-column-2 fusion_builder_column_1_1 1_1 fusion-one-full fusion-column-first fusion-column-last\" style=\"--awb-padding-top:20px;--awb-bg-size:cover;\"><div class=\"fusion-column-wrapper fusion-column-has-shadow fusion-flex-column-wrapper-legacy\"><div class=\"fusion-text fusion-text-3\"><h3 style=\"text-align: center;\"><span style=\"color: #0068b6;\">Nous proposons<\/span><\/h3>\n<\/div><div class=\"fusion-clearfix\"><\/div><\/div><\/div><\/div><\/div><div class=\"fusion-fullwidth fullwidth-box fusion-builder-row-3 hundred-percent-fullwidth non-hundred-percent-height-scrolling fusion-equal-height-columns\" style=\"--awb-border-radius-top-left:0px;--awb-border-radius-top-right:0px;--awb-border-radius-bottom-right:0px;--awb-border-radius-bottom-left:0px;--awb-padding-top:0px;--awb-padding-right:0px;--awb-padding-bottom:0px;--awb-padding-left:0px;--awb-flex-wrap:wrap;\" ><div class=\"fusion-builder-row fusion-row\"><div class=\"fusion-layout-column fusion_builder_column fusion-builder-column-3 fusion_builder_column_1_2 1_2 fusion-one-half fusion-column-first\" style=\"--awb-padding-top:6%;--awb-padding-right:8%;--awb-padding-bottom:10%;--awb-padding-left:6%;--awb-bg-color:#3f93d2;--awb-bg-color-hover:#3f93d2;--awb-bg-size:cover;--awb-margin-bottom:0px;\"><div class=\"fusion-column-wrapper fusion-column-has-shadow fusion-flex-column-wrapper-legacy\"><div class=\"fusion-text fusion-text-4\"><h4 style=\"padding-left: 30px;\"><span style=\"color: #ffffff;\">Les sorties \u00ab\u00a0individuelles\u00a0\u00bb<\/span><\/h4>\n<p style=\"padding-left: 30px;\"><span style=\"color: #ffffff;\">Ces sorties sont destin\u00e9es aux particuliers, enfants, adolescents ou adultes.\u00a0<strong>Chaque participant est encadr\u00e9 par un b\u00e9n\u00e9vole de l\u2019association qui veille sur sa s\u00e9curit\u00e9 et son confort.<\/strong>\u00a0Pendant le temps de la sortie, les familles restent \u00e0 quai et sont invit\u00e9es \u00e0 \u00e9changer entre elles, avec des b\u00e9n\u00e9voles du Chant des Dauphins sur leurs exp\u00e9riences autour d\u2019un caf\u00e9. Elles peuvent \u00e9galement profiter de cette journ\u00e9e pour d\u00e9couvrir Fr\u00e9jus et ses environs.<\/span><\/p>\n<p style=\"padding-left: 30px;\"><span style=\"color: #ffffff;\"><strong>Adh\u00e9sion annuelle : 20 \u20ac<\/strong><\/span><\/p>\n<\/div><div class=\"fusion-aligncenter\"><a class=\"fusion-button button-flat fusion-button-default-size button-custom fusion-button-default button-1 fusion-button-default-span fusion-button-default-type\" style=\"--button_accent_color:#000000;--button_accent_hover_color:#000000;--button_border_hover_color:#ffffff;--button_gradient_top_color:#ffffff;--button_gradient_bottom_color:#ffffff;--button_gradient_top_color_hover:#fdba00;--button_gradient_bottom_color_hover:#fdba00;\" target=\"_self\" href=\"https:\/\/www.lechantdesdauphins.com\/adhesion-individuelle\/\"><span class=\"fusion-button-text\">Participer \u00e0 une sortie<\/span><\/a><\/div><div class=\"fusion-clearfix\"><\/div><\/div><\/div><div class=\"fusion-layout-column fusion_builder_column fusion-builder-column-4 fusion_builder_column_1_2 1_2 fusion-one-half fusion-column-last\" style=\"--awb-padding-top:6%;--awb-padding-right:8%;--awb-padding-bottom:10%;--awb-padding-left:6%;--awb-bg-color:#0068b6;--awb-bg-color-hover:#0068b6;--awb-bg-size:cover;--awb-margin-bottom:0px;\"><div class=\"fusion-column-wrapper fusion-column-has-shadow fusion-flex-column-wrapper-legacy\"><div class=\"fusion-text fusion-text-5\"><h4 style=\"padding-left: 30px;\"><span style=\"color: #ffffff;\">Les sorties destin\u00e9es aux structures sp\u00e9cialis\u00e9es<\/span><\/h4>\n<p style=\"padding-left: 30px;\"><span style=\"color: #ffffff;\">Ces sorties sont r\u00e9serv\u00e9es aux structures telles que\u00a0 IME, MAS, SESSAD\u2026 <strong>Les participants sont accompagn\u00e9s de leurs propres encadrants<\/strong> sauf demande contraire pour un encadrement par nos b\u00e9n\u00e9voles.<\/span><\/p>\n<p style=\"padding-left: 30px;\"><span style=\"color: #ffffff;\"><strong>Adh\u00e9sion annuelle structure : 100 \u20ac<\/strong><\/span><\/p>\n<p style=\"padding-left: 30px;\"><span style=\"color: #ffffff;\"><strong>Adh\u00e9sion annuelle personne en situation de handicap de la structure : 10 \u20ac<\/strong><\/span><\/p>\n<p style=\"padding-left: 30px;\"><span style=\"color: #ffffff;\">Par exemple, pour une structure souhaitant organiser des sorties pour 12 personnes en situation de handicap, le co\u00fbt d&rsquo;adh\u00e9sion global est de 220 \u20ac (100 \u20ac pour la structure et 10 \u20ac de cotisation individuelle pour 12 participants). Compte tenu du nombre de places \u00e0 bord, ces sorties peuvent \u00eatre effectu\u00e9es soit en deux fois (6 participants et 2 encadrants) soit en trois fois (4 participants et 4 encadrants).<\/span><\/p>\n<\/div><div class=\"fusion-aligncenter\"><a class=\"fusion-button button-flat fusion-button-default-size button-custom fusion-button-default button-2 fusion-button-default-span fusion-button-default-type\" style=\"--button_accent_color:#000000;--button_accent_hover_color:#000000;--button_border_hover_color:#ffffff;--button_gradient_top_color:#ffffff;--button_gradient_bottom_color:#ffffff;--button_gradient_top_color_hover:#fdba00;--button_gradient_bottom_color_hover:#fdba00;\" target=\"_self\" href=\"https:\/\/www.lechantdesdauphins.com\/adhesion-structure\/\"><span class=\"fusion-button-text\">Je suis int\u00e9ress\u00e9<\/span><\/a><\/div><div class=\"fusion-clearfix\"><\/div><\/div><\/div><\/div><\/div><div class=\"fusion-fullwidth fullwidth-box fusion-builder-row-4 nonhundred-percent-fullwidth non-hundred-percent-height-scrolling\" style=\"--awb-border-radius-top-left:0px;--awb-border-radius-top-right:0px;--awb-border-radius-bottom-right:0px;--awb-border-radius-bottom-left:0px;--awb-background-color:#f3f3f3;--awb-flex-wrap:wrap;\" ><div class=\"fusion-builder-row fusion-row\"><div class=\"fusion-layout-column fusion_builder_column fusion-builder-column-5 fusion_builder_column_1_1 1_1 fusion-one-full fusion-column-first fusion-column-last\" style=\"--awb-padding-top:20px;--awb-bg-size:cover;\"><div class=\"fusion-column-wrapper fusion-column-has-shadow fusion-flex-column-wrapper-legacy\"><div class=\"fusion-text fusion-text-6\"><h3 style=\"text-align: center;\"><span style=\"color: #0068b6;\">D\u00e9couvrir, partager, s&rsquo;\u00e9merveiller : notre mission\u00a0<\/span><\/h3>\n<\/div><div class=\"fusion-clearfix\"><\/div><\/div><\/div><div class=\"fusion-layout-column fusion_builder_column fusion-builder-column-6 fusion_builder_column_1_1 1_1 fusion-one-full fusion-column-first fusion-column-last\" style=\"--awb-bg-size:cover;\"><div class=\"fusion-column-wrapper fusion-column-has-shadow fusion-flex-column-wrapper-legacy\"><ul style=\"--awb-iconcolor:#0068b6;--awb-divider-color:#0068b6;--awb-line-height:27.2px;--awb-icon-width:27.2px;--awb-icon-height:27.2px;--awb-icon-margin:11.2px;--awb-content-margin:38.4px;\" class=\"fusion-checklist fusion-checklist-1 fusion-checklist-default fusion-checklist-divider type-icons\"><li class=\"fusion-li-item\" style=\"\"><span class=\"icon-wrapper circle-no\"><i class=\"fusion-li-icon fa-anchor fas\" aria-hidden=\"true\"><\/i><\/span><div class=\"fusion-li-item-content\">\n<p>Notre association a pour but d\u2019<strong>offrir un moment d\u2019\u00e9vasion dans un cadre convivial et ludique<\/strong>, de favoriser les interactions au sein du groupe et de stimuler la curiosit\u00e9 par la d\u00e9couverte de l\u2019environnement marin.<\/p>\n<p>Nos sorties se d\u00e9roulent au c\u0153ur du sanctuaire Pelagos pour la Protection des Mammif\u00e8res Marins en M\u00e9diterran\u00e9e. Dans cet environnement naturel privil\u00e9gi\u00e9, les rencontres avec les dauphins, m\u00eame si elles sont fr\u00e9quentes, ne sont pas pr\u00e9visibles.<\/p>\n<p>Notre\u00a0connaissance des habitudes des c\u00e9tac\u00e9s et des lieux qu\u2019ils fr\u00e9quentent nous permet d&rsquo;optimiser nos chances de les rencontrer.<\/p>\n<\/div><\/li><li class=\"fusion-li-item\" style=\"\"><span class=\"icon-wrapper circle-no\"><i class=\"fusion-li-icon fa-anchor fas\" aria-hidden=\"true\"><\/i><\/span><div class=\"fusion-li-item-content\">\n<p>L&rsquo;esp\u00e8ce la plus courante et la plus nombreuse au large de Fr\u00e9jus est le dauphin bleu et blanc. Nous pouvons croiser des poissons lunes , des chasses de thons et si la chance nous sourit, des rorquals communs mais \u00e9galement des tortues ou un cachalot.<\/p>\n<p>Nous privil\u00e9gions la navigation vers les canyons sous-marins au large de Fr\u00e9jus, o\u00f9 les dauphins, rorquals et cachalots trouvent d\u2019importantes ressources alimentaires. Du mat\u00e9riel p\u00e9dagogique sur les esp\u00e8ces pouvant \u00eatre rencontr\u00e9es et leur mode de vie (documentation, plaquettes, illustrations\u2026) et des jumelles sont \u00e9galement mis \u00e0 disposition des participants.<\/p>\n<p>Chacun peut ainsi prendre une part active \u00e0 la recherche et lorsque soudain, un groupe de dauphins, un rorqual ou une tortue apparaissent, les sourires s\u2019\u00e9panouissent et c\u2019est une intense \u00e9motion et de l\u2019\u00e9merveillement que l\u2019on peut lire dans les yeux de tous.<\/p>\n<\/div><\/li><li class=\"fusion-li-item\" style=\"\"><span class=\"icon-wrapper circle-no\"><i class=\"fusion-li-icon fa-anchor fas\" aria-hidden=\"true\"><\/i><\/span><div class=\"fusion-li-item-content\">\n<p>Depuis mars 2017, gr\u00e2ce \u00e0 la g\u00e9n\u00e9rosit\u00e9 de l\u2019Association Sportive et Culturelle pour la Solidarit\u00e9 de Roquebrune sur Argens,\u00a0<i>\u00ab\u00a0La Crevette des Flots\u00a0\u00bb<\/i>\u00a0est \u00e9galement \u00e9quip\u00e9e d\u2019un hydrophone.<\/p>\n<p>Ce microphone destin\u00e9 \u00e0 \u00eatre utilis\u00e9 sous l\u2019eau donne une nouvelle dimension \u00e0 ces sorties\u00a0puisqu&rsquo;il nous permet d\u2019\u00e9couter les chants des dauphins et autres esp\u00e8ces marines.<\/p>\n<p>Ses sorties sont \u00e9galement l\u2019occasion pour ceux qui le souhaitent d\u2019\u00eatre initi\u00e9s \u00e0 la pratique de la voile et aux man\u0153uvres du bateau.<\/p>\n<\/div><\/li><\/ul><div class=\"fusion-clearfix\"><\/div><\/div><\/div><\/div><\/div><div class=\"fusion-fullwidth fullwidth-box fusion-builder-row-5 hundred-percent-fullwidth non-hundred-percent-height-scrolling fusion-equal-height-columns\" style=\"--awb-border-radius-top-left:0px;--awb-border-radius-top-right:0px;--awb-border-radius-bottom-right:0px;--awb-border-radius-bottom-left:0px;--awb-padding-top:0px;--awb-padding-right:0px;--awb-padding-bottom:0px;--awb-padding-left:0px;--awb-flex-wrap:wrap;\" ><div class=\"fusion-builder-row fusion-row\"><div class=\"fusion-layout-column fusion_builder_column fusion-builder-column-7 fusion_builder_column_1_2 1_2 fusion-one-half fusion-column-first\" style=\"--awb-padding-top:6%;--awb-padding-right:8%;--awb-padding-bottom:10%;--awb-padding-left:6%;--awb-bg-size:cover;--awb-margin-bottom:0px;\"><div class=\"fusion-column-wrapper fusion-column-has-shadow fusion-flex-column-wrapper-legacy\"><div class=\"fusion-text fusion-text-7\"><h3><span style=\"color: #0068b6;\">Pratiquer une observation responsable et respectueuse des c\u00e9tac\u00e9s : notre objectif<\/span><\/h3>\n<p><span style=\"color: #0068b6;\">Nous nous engageons \u00e0 respecter un code de bonne conduite lors de nos sorties.<\/span><\/p>\n<p><span style=\"color: #0068b6;\">Lorsque nous rep\u00e9rons des dauphins, rorquals ou autres mammif\u00e8res, nous ne nous approchons pas \u00e0 plus de 100 m\u00e8tres et restons parall\u00e8le \u00e0 leur route, moteur au ralenti. Ce sont les dauphins qui d\u00e9cident de venir autour du voilier et non l&rsquo;inverse. De m\u00eame, parce qu\u2019elle est intrusive et potentiellement dangereuse, la nage avec les dauphins est rigoureusement proscrite.<\/span><\/p>\n<\/div><div class=\"fusion-clearfix\"><\/div><\/div><\/div><div class=\"fusion-layout-column fusion_builder_column fusion-builder-column-8 fusion_builder_column_1_2 1_2 fusion-one-half fusion-column-last\" style=\"--awb-padding-top:6%;--awb-padding-right:8%;--awb-padding-bottom:10%;--awb-padding-left:6%;--awb-bg-image:url(&#039;https:\/\/www.lechantdesdauphins.com\/wp-content\/uploads\/2020\/06\/41315_151063398252063_1907393_n.jpg&#039;);--awb-bg-size:cover;--awb-margin-bottom:0px;\"><div class=\"fusion-column-wrapper fusion-column-has-shadow fusion-flex-column-wrapper-legacy fusion-empty-column-bg-image fusion-column-has-bg-image\" data-bg-url=\"https:\/\/www.lechantdesdauphins.com\/wp-content\/uploads\/2020\/06\/41315_151063398252063_1907393_n.jpg\"><img decoding=\"async\" class=\"fusion-empty-dims-img-placeholder fusion-no-large-visibility\" src=\"data:image\/svg+xml,%3Csvg%20xmlns%3D%27http%3A%2F%2Fwww.w3.org%2F2000%2Fsvg%27%20width%3D%27720%27%20height%3D%27450%27%20viewBox%3D%270%200%20720%20450%27%3E%3Crect%20width%3D%27720%27%20height%3D%27450%27%20fill-opacity%3D%220%22%2F%3E%3C%2Fsvg%3E\"><div class=\"fusion-clearfix\"><\/div><\/div><\/div><\/div><\/div><\/p>\n","protected":false},"excerpt":{"rendered":"","protected":false},"author":1,"featured_media":0,"parent":0,"menu_order":0,"comment_status":"closed","ping_status":"closed","template":"100-width.php","meta":{"footnotes":""},"yoast_head":"<!-- This site is optimized with the Yoast SEO plugin v14.2 - https:\/\/yoast.com\/wordpress\/plugins\/seo\/ -->\n<title>Public concern\u00e9 - Le Chant des Dauphins<\/title>\n<meta name=\"robots\" content=\"index, follow\" \/>\n<meta name=\"googlebot\" content=\"index, follow, max-snippet:-1, max-image-preview:large, max-video-preview:-1\" \/>\n<meta name=\"bingbot\" content=\"index, follow, max-snippet:-1, max-image-preview:large, max-video-preview:-1\" \/>\n<link rel=\"canonical\" href=\"https:\/\/www.lechantdesdauphins.com\/public-concerne-par-les-sorties-en-mer\/\" \/>\n<meta property=\"og:locale\" content=\"fr_FR\" \/>\n<meta property=\"og:type\" content=\"article\" \/>\n<meta property=\"og:title\" content=\"Public concern\u00e9 - Le Chant des Dauphins\" \/>\n<meta property=\"og:url\" content=\"https:\/\/www.lechantdesdauphins.com\/public-concerne-par-les-sorties-en-mer\/\" \/>\n<meta property=\"og:site_name\" content=\"Le Chant des Dauphins\" \/>\n<meta property=\"article:modified_time\" content=\"2020-09-23T09:28:26+00:00\" \/>\n<meta name=\"twitter:card\" content=\"summary_large_image\" \/>\n<script type=\"application\/ld+json\" class=\"yoast-schema-graph\">{\"@context\":\"https:\/\/schema.org\",\"@graph\":[{\"@type\":\"WebSite\",\"@id\":\"https:\/\/www.lechantdesdauphins.com\/accueil\/#website\",\"url\":\"https:\/\/www.lechantdesdauphins.com\/accueil\/\",\"name\":\"Le Chant des Dauphins\",\"description\":\"\",\"potentialAction\":[{\"@type\":\"SearchAction\",\"target\":\"https:\/\/www.lechantdesdauphins.com\/accueil\/?s={search_term_string}\",\"query-input\":\"required name=search_term_string\"}],\"inLanguage\":\"fr-FR\"},{\"@type\":\"WebPage\",\"@id\":\"https:\/\/www.lechantdesdauphins.com\/public-concerne-par-les-sorties-en-mer\/#webpage\",\"url\":\"https:\/\/www.lechantdesdauphins.com\/public-concerne-par-les-sorties-en-mer\/\",\"name\":\"Public concern\\u00e9 - Le Chant des Dauphins\",\"isPartOf\":{\"@id\":\"https:\/\/www.lechantdesdauphins.com\/accueil\/#website\"},\"datePublished\":\"2020-06-07T14:59:22+00:00\",\"dateModified\":\"2020-09-23T09:28:26+00:00\",\"inLanguage\":\"fr-FR\",\"potentialAction\":[{\"@type\":\"ReadAction\",\"target\":[\"https:\/\/www.lechantdesdauphins.com\/public-concerne-par-les-sorties-en-mer\/\"]}]}]}<\/script>\n<!-- \/ Yoast SEO plugin. -->","_links":{"self":[{"href":"https:\/\/www.lechantdesdauphins.com\/accueil\/wp-json\/wp\/v2\/pages\/186"}],"collection":[{"href":"https:\/\/www.lechantdesdauphins.com\/accueil\/wp-json\/wp\/v2\/pages"}],"about":[{"href":"https:\/\/www.lechantdesdauphins.com\/accueil\/wp-json\/wp\/v2\/types\/page"}],"author":[{"embeddable":true,"href":"https:\/\/www.lechantdesdauphins.com\/accueil\/wp-json\/wp\/v2\/users\/1"}],"replies":[{"embeddable":true,"href":"https:\/\/www.lechantdesdauphins.com\/accueil\/wp-json\/wp\/v2\/comments?post=186"}],"version-history":[{"count":23,"href":"https:\/\/www.lechantdesdauphins.com\/accueil\/wp-json\/wp\/v2\/pages\/186\/revisions"}],"predecessor-version":[{"id":528,"href":"https:\/\/www.lechantdesdauphins.com\/accueil\/wp-json\/wp\/v2\/pages\/186\/revisions\/528"}],"wp:attachment":[{"href":"https:\/\/www.lechantdesdauphins.com\/accueil\/wp-json\/wp\/v2\/media?parent=186"}],"curies":[{"name":"wp","href":"https:\/\/api.w.org\/{rel}","templated":true}]}}