{"id":163,"date":"2020-06-07T15:09:46","date_gmt":"2020-06-07T13:09:46","guid":{"rendered":"https:\/\/www.lechantdesdauphins.com\/?page_id=163"},"modified":"2020-08-03T10:52:48","modified_gmt":"2020-08-03T08:52:48","slug":"le-bateau","status":"publish","type":"page","link":"https:\/\/www.lechantdesdauphins.com\/accueil\/le-bateau\/","title":{"rendered":"Le bateau"},"content":{"rendered":"<p><div class=\"fusion-fullwidth fullwidth-box fusion-builder-row-1 fusion-parallax-none nonhundred-percent-fullwidth non-hundred-percent-height-scrolling\" style=\"--awb-border-radius-top-left:0px;--awb-border-radius-top-right:0px;--awb-border-radius-bottom-right:0px;--awb-border-radius-bottom-left:0px;--awb-background-image:url(&quot;https:\/\/www.lechantdesdauphins.com\/wp-content\/uploads\/2020\/06\/voilier-crevette-chant-des-dauphins.jpg&quot;);--awb-background-size:cover;--awb-flex-wrap:wrap;\" ><div class=\"fusion-builder-row fusion-row\"><div class=\"fusion-layout-column fusion_builder_column fusion-builder-column-0 fusion_builder_column_1_1 1_1 fusion-one-full fusion-column-first fusion-column-last\" style=\"--awb-padding-top:40px;--awb-bg-size:cover;\"><div class=\"fusion-column-wrapper fusion-column-has-shadow fusion-flex-column-wrapper-legacy\"><div class=\"fusion-text fusion-text-1\"><h1 style=\"text-align: center;\"><span style=\"color: #ffffff;\"><strong>LA CREVETTE DES FLOTS<\/strong><\/span><\/h1>\n<\/div><div class=\"fusion-clearfix\"><\/div><\/div><\/div><\/div><\/div><div class=\"fusion-fullwidth fullwidth-box fusion-builder-row-2 hundred-percent-fullwidth non-hundred-percent-height-scrolling fusion-equal-height-columns\" style=\"--awb-border-radius-top-left:0px;--awb-border-radius-top-right:0px;--awb-border-radius-bottom-right:0px;--awb-border-radius-bottom-left:0px;--awb-padding-top:0px;--awb-padding-right:0px;--awb-padding-bottom:0px;--awb-padding-left:0px;--awb-flex-wrap:wrap;\" ><div class=\"fusion-builder-row fusion-row\"><div class=\"fusion-layout-column fusion_builder_column fusion-builder-column-1 fusion_builder_column_1_2 1_2 fusion-one-half fusion-column-first\" style=\"--awb-padding-top:6%;--awb-padding-right:8%;--awb-padding-bottom:10%;--awb-padding-left:6%;--awb-bg-color:#f3f3f3;--awb-bg-color-hover:#f3f3f3;--awb-bg-size:cover;--awb-margin-bottom:0px;\"><div class=\"fusion-column-wrapper fusion-column-has-shadow fusion-flex-column-wrapper-legacy\"><div class=\"fusion-text fusion-text-2\"><p class=\"p1\"><span class=\"s1\" style=\"color: #3f93d2;\">Grace \u00e0 de g\u00e9n\u00e9reux donateurs nous avons acquis et remis en \u00e9tat un Gibsea 114 en 2011. Nous l\u2019avons arm\u00e9 pour un \u00e9quipage de 10 personnes en navigation semi-hauturi\u00e8re.<\/span><\/p>\n<p><span style=\"color: #3f93d2;\">Le fait de poss\u00e9der notre propre bateau nous offre une plus grande libert\u00e9 dans l\u2019organisation de nos sorties et nous a permis d\u2019augmenter leur fr\u00e9quence de mani\u00e8re significative. C\u2019est l\u2019assurance, chaque ann\u00e9e, de faire profiter un nombre croissant de b\u00e9n\u00e9ficiaires d\u2019extraordinaires moments d&rsquo;\u00e9vasion et de partage.<\/span><\/p>\n<\/div><div class=\"fusion-clearfix\"><\/div><\/div><\/div><div class=\"fusion-layout-column fusion_builder_column fusion-builder-column-2 fusion_builder_column_1_2 1_2 fusion-one-half fusion-column-last\" style=\"--awb-padding-top:6%;--awb-padding-right:8%;--awb-padding-bottom:10%;--awb-padding-left:6%;--awb-bg-color:#3f93d2;--awb-bg-color-hover:#3f93d2;--awb-bg-size:cover;--awb-margin-bottom:0px;\"><div class=\"fusion-column-wrapper fusion-column-has-shadow fusion-flex-column-wrapper-legacy\"><div class=\"fusion-text fusion-text-3\"><p><span style=\"color: #ffffff;\">Apr\u00e8s quatre mois de r\u00e9novation,\u00a0<strong><i>\u00ab\u00a0La Crevette des Flots\u00a0\u00bb\u00a0<\/i><\/strong>a \u00e9t\u00e9 officiellement baptis\u00e9e dans la plus pure tradition marine le 2 juin 2012 en pr\u00e9sence du d\u00e9put\u00e9-maire de Saint-Rapha\u00ebl Georges GINESTA.\u00a0<\/span><\/p>\n<p><span style=\"color: #ffffff;\">Les deux parrains officiels du bateau sont le navigateur s\u00e9lectionn\u00e9 au JO de Londres en voile-laser Jean-Baptiste BERNAZ et l\u2019harmoniciste tr\u00e8s connu dans le monde de la musique David HERZHAFT.<\/span><\/p>\n<\/div><div class=\"fusion-clearfix\"><\/div><\/div><\/div><\/div><\/div><div class=\"fusion-fullwidth fullwidth-box fusion-builder-row-3 nonhundred-percent-fullwidth non-hundred-percent-height-scrolling\" style=\"--awb-border-radius-top-left:0px;--awb-border-radius-top-right:0px;--awb-border-radius-bottom-right:0px;--awb-border-radius-bottom-left:0px;--awb-flex-wrap:wrap;\" ><div class=\"fusion-builder-row fusion-row\"><div class=\"fusion-layout-column fusion_builder_column fusion-builder-column-3 fusion_builder_column_1_1 1_1 fusion-one-full fusion-column-first fusion-column-last\" style=\"--awb-padding-top:20px;--awb-bg-size:cover;\"><div class=\"fusion-column-wrapper fusion-column-has-shadow fusion-flex-column-wrapper-legacy\"><div class=\"fusion-text fusion-text-4\"><h3>La s\u00e9curit\u00e9 \u00e0 bord : une priorit\u00e9<\/h3>\n<p>L&rsquo;\u00e9quipage est compos\u00e9 de deux marins exp\u00e9riment\u00e9s. <strong><i>La Crevette des Flots <\/i><\/strong>est arm\u00e9e en semi-hauturier et donc dot\u00e9e de toutes les protections g\u00e9n\u00e9rales et individuelles pour garantir la s\u00e9curit\u00e9 des personnes et des biens. Tout ce qui touche \u00e0 la s\u00e9curit\u00e9 est contr\u00f4l\u00e9 conform\u00e9ment \u00e0 la division 240 de la direction des Affaires Maritimes au moins une fois par an.<\/p>\n<\/div><div class=\"fusion-text fusion-text-5\"><p><span style=\"color: #333333;\">Tout au long de l\u2019ann\u00e9e, des op\u00e9rations de maintenance, entretien et am\u00e9lioration sont effectu\u00e9es par les b\u00e9n\u00e9voles, assist\u00e9s, quand n\u00e9cessaire par des professionnels, afin de garantir des conditions optimales de navigation et de s\u00e9curit\u00e9.<\/span><\/p>\n<p><span style=\"color: #333333;\">Hiver 2015-2016, les b\u00e9n\u00e9voles ont proc\u00e9d\u00e9 \u00e0 un lifting complet de <strong><i>\u00ab\u00a0La Crevette des Flots\u00a0\u00bb<\/i>\u00a0<\/strong>: r\u00e9novation int\u00e9rieure (sellerie, vernis, plancher neuf, coin cuisine, sanitaires) &#8211; am\u00e9nagements ext\u00e9rieurs pour am\u00e9liorer la s\u00e9curit\u00e9 &#8211; jeu de voiles neuves.<\/span><\/p>\n<p><span class=\"s1\" style=\"color: #333333;\">Hiver 2016-2017, c\u2019est l\u2019\u00e9lectricit\u00e9 (tableau de bord, pilote, \u00e9clairage et tableau \u00e9lectrique g\u00e9n\u00e9ral) qui a fait l\u2019objet d\u2019une r\u00e9vision totale.<\/span><\/p>\n<p>Hiver 2017-2018 : r\u00e9vision g\u00e9n\u00e9rale du moteur, pompe \u00e0 injection, changement arbre d&rsquo;h\u00e9lice et h\u00e9lice, nettoyage et r\u00e9paration r\u00e9servoir \u00e0 gasoil.<\/p>\n<p>Hiver 2018-2019 : changement \u00e9tai et enrouleur de g\u00e9nois, fili\u00e8res et filets de protection, aussi\u00e8res et chaine de mouillage.<\/p>\n<\/div><div class=\"fusion-text fusion-text-6\"><p>L\u2019ensemble de ces op\u00e9rations d\u2019entretien nous permet de garantir une parfaite s\u00e9curit\u00e9 \u00e0 bord.<\/p>\n<\/div><div class=\"fusion-clearfix\"><\/div><\/div><\/div><\/div><\/div><div class=\"fusion-fullwidth fullwidth-box fusion-builder-row-4 fusion-parallax-none hundred-percent-fullwidth non-hundred-percent-height-scrolling\" style=\"--awb-border-radius-top-left:0px;--awb-border-radius-top-right:0px;--awb-border-radius-bottom-right:0px;--awb-border-radius-bottom-left:0px;--awb-padding-top:12%;--awb-padding-right:8%;--awb-padding-bottom:12%;--awb-padding-left:8%;--awb-background-image:url(&quot;https:\/\/www.lechantdesdauphins.com\/wp-content\/uploads\/2020\/06\/sortie-bateau2-1.jpg&quot;);--awb-background-size:cover;--awb-flex-wrap:wrap;\" ><div class=\"fusion-builder-row fusion-row\"><div class=\"fusion-layout-column fusion_builder_column fusion-builder-column-4 fusion_builder_column_1_1 1_1 fusion-one-full fusion-column-first fusion-column-last\" style=\"--awb-bg-size:cover;\"><div class=\"fusion-column-wrapper fusion-column-has-shadow fusion-flex-column-wrapper-legacy\"><div class=\"fusion-clearfix\"><\/div><\/div><\/div><\/div><\/div><div class=\"fusion-fullwidth fullwidth-box fusion-builder-row-5 hundred-percent-fullwidth non-hundred-percent-height-scrolling fusion-equal-height-columns\" style=\"--awb-border-radius-top-left:0px;--awb-border-radius-top-right:0px;--awb-border-radius-bottom-right:0px;--awb-border-radius-bottom-left:0px;--awb-padding-top:0px;--awb-padding-right:0px;--awb-padding-bottom:0px;--awb-padding-left:0px;--awb-flex-wrap:wrap;\" ><div class=\"fusion-builder-row fusion-row\"><div class=\"fusion-layout-column fusion_builder_column fusion-builder-column-5 fusion_builder_column_1_3 1_3 fusion-one-third fusion-column-first\" style=\"--awb-padding-top:30%;--awb-padding-right:8%;--awb-padding-bottom:30%;--awb-padding-left:6%;--awb-bg-image:url(&#039;https:\/\/www.lechantdesdauphins.com\/wp-content\/uploads\/2020\/06\/voilier4-300x187.jpg&#039;);--awb-bg-size:cover;--awb-margin-bottom:0px;\"><div class=\"fusion-column-wrapper fusion-column-has-shadow fusion-flex-column-wrapper-legacy fusion-empty-column-bg-image fusion-column-has-bg-image\" data-bg-url=\"https:\/\/www.lechantdesdauphins.com\/wp-content\/uploads\/2020\/06\/voilier4-300x187.jpg\"><img decoding=\"async\" class=\"fusion-empty-dims-img-placeholder fusion-no-large-visibility\" src=\"data:image\/gif;base64,R0lGODlhAQABAAAAACH5BAEKAAEALAAAAAABAAEAAAICTAEAOw==\"><div class=\"fusion-clearfix\"><\/div><\/div><\/div><div class=\"fusion-layout-column fusion_builder_column fusion-builder-column-6 fusion_builder_column_1_3 1_3 fusion-one-third\" style=\"--awb-padding-top:30%;--awb-padding-right:8%;--awb-padding-bottom:30%;--awb-padding-left:6%;--awb-bg-image:url(&#039;https:\/\/www.lechantdesdauphins.com\/wp-content\/uploads\/2020\/06\/voilier3-300x188.jpg&#039;);--awb-bg-size:cover;--awb-margin-bottom:0px;\"><div class=\"fusion-column-wrapper fusion-column-has-shadow fusion-flex-column-wrapper-legacy fusion-empty-column-bg-image fusion-column-has-bg-image\" data-bg-url=\"https:\/\/www.lechantdesdauphins.com\/wp-content\/uploads\/2020\/06\/voilier3-300x188.jpg\"><img decoding=\"async\" class=\"fusion-empty-dims-img-placeholder fusion-no-large-visibility\" src=\"data:image\/gif;base64,R0lGODlhAQABAAAAACH5BAEKAAEALAAAAAABAAEAAAICTAEAOw==\"><div class=\"fusion-clearfix\"><\/div><\/div><\/div><div class=\"fusion-layout-column fusion_builder_column fusion-builder-column-7 fusion_builder_column_1_3 1_3 fusion-one-third fusion-column-last\" style=\"--awb-padding-top:30%;--awb-padding-right:8%;--awb-padding-bottom:30%;--awb-padding-left:6%;--awb-bg-image:url(&#039;https:\/\/www.lechantdesdauphins.com\/wp-content\/uploads\/2020\/06\/voilier1-223x300-1.jpg&#039;);--awb-bg-size:cover;--awb-margin-bottom:0px;\"><div class=\"fusion-column-wrapper fusion-column-has-shadow fusion-flex-column-wrapper-legacy fusion-empty-column-bg-image fusion-column-has-bg-image\" data-bg-url=\"https:\/\/www.lechantdesdauphins.com\/wp-content\/uploads\/2020\/06\/voilier1-223x300-1.jpg\"><img decoding=\"async\" class=\"fusion-empty-dims-img-placeholder fusion-no-large-visibility\" src=\"data:image\/svg+xml,%3Csvg%20xmlns%3D%27http%3A%2F%2Fwww.w3.org%2F2000%2Fsvg%27%20width%3D%27223%27%20height%3D%27300%27%20viewBox%3D%270%200%20223%20300%27%3E%3Crect%20width%3D%27223%27%20height%3D%27300%27%20fill-opacity%3D%220%22%2F%3E%3C%2Fsvg%3E\"><div class=\"fusion-clearfix\"><\/div><\/div><\/div><\/div><\/div><\/p>\n","protected":false},"excerpt":{"rendered":"","protected":false},"author":1,"featured_media":0,"parent":0,"menu_order":0,"comment_status":"closed","ping_status":"closed","template":"100-width.php","meta":{"footnotes":""},"yoast_head":"<!-- This site is optimized with the Yoast SEO plugin v14.2 - https:\/\/yoast.com\/wordpress\/plugins\/seo\/ -->\n<title>Le bateau - Le Chant des Dauphins<\/title>\n<meta name=\"robots\" content=\"index, follow\" \/>\n<meta name=\"googlebot\" content=\"index, follow, max-snippet:-1, max-image-preview:large, max-video-preview:-1\" \/>\n<meta name=\"bingbot\" content=\"index, follow, max-snippet:-1, max-image-preview:large, max-video-preview:-1\" \/>\n<link rel=\"canonical\" href=\"https:\/\/www.lechantdesdauphins.com\/le-bateau\/\" \/>\n<meta property=\"og:locale\" content=\"fr_FR\" \/>\n<meta property=\"og:type\" content=\"article\" \/>\n<meta property=\"og:title\" content=\"Le bateau - Le Chant des Dauphins\" \/>\n<meta property=\"og:url\" content=\"https:\/\/www.lechantdesdauphins.com\/le-bateau\/\" \/>\n<meta property=\"og:site_name\" content=\"Le Chant des Dauphins\" \/>\n<meta property=\"article:modified_time\" content=\"2020-08-03T08:52:48+00:00\" \/>\n<meta name=\"twitter:card\" content=\"summary_large_image\" \/>\n<script type=\"application\/ld+json\" class=\"yoast-schema-graph\">{\"@context\":\"https:\/\/schema.org\",\"@graph\":[{\"@type\":\"WebSite\",\"@id\":\"https:\/\/www.lechantdesdauphins.com\/accueil\/#website\",\"url\":\"https:\/\/www.lechantdesdauphins.com\/accueil\/\",\"name\":\"Le Chant des Dauphins\",\"description\":\"\",\"potentialAction\":[{\"@type\":\"SearchAction\",\"target\":\"https:\/\/www.lechantdesdauphins.com\/accueil\/?s={search_term_string}\",\"query-input\":\"required name=search_term_string\"}],\"inLanguage\":\"fr-FR\"},{\"@type\":\"WebPage\",\"@id\":\"https:\/\/www.lechantdesdauphins.com\/le-bateau\/#webpage\",\"url\":\"https:\/\/www.lechantdesdauphins.com\/le-bateau\/\",\"name\":\"Le bateau - Le Chant des Dauphins\",\"isPartOf\":{\"@id\":\"https:\/\/www.lechantdesdauphins.com\/accueil\/#website\"},\"datePublished\":\"2020-06-07T13:09:46+00:00\",\"dateModified\":\"2020-08-03T08:52:48+00:00\",\"inLanguage\":\"fr-FR\",\"potentialAction\":[{\"@type\":\"ReadAction\",\"target\":[\"https:\/\/www.lechantdesdauphins.com\/le-bateau\/\"]}]}]}<\/script>\n<!-- \/ Yoast SEO plugin. -->","_links":{"self":[{"href":"https:\/\/www.lechantdesdauphins.com\/accueil\/wp-json\/wp\/v2\/pages\/163"}],"collection":[{"href":"https:\/\/www.lechantdesdauphins.com\/accueil\/wp-json\/wp\/v2\/pages"}],"about":[{"href":"https:\/\/www.lechantdesdauphins.com\/accueil\/wp-json\/wp\/v2\/types\/page"}],"author":[{"embeddable":true,"href":"https:\/\/www.lechantdesdauphins.com\/accueil\/wp-json\/wp\/v2\/users\/1"}],"replies":[{"embeddable":true,"href":"https:\/\/www.lechantdesdauphins.com\/accueil\/wp-json\/wp\/v2\/comments?post=163"}],"version-history":[{"count":16,"href":"https:\/\/www.lechantdesdauphins.com\/accueil\/wp-json\/wp\/v2\/pages\/163\/revisions"}],"predecessor-version":[{"id":476,"href":"https:\/\/www.lechantdesdauphins.com\/accueil\/wp-json\/wp\/v2\/pages\/163\/revisions\/476"}],"wp:attachment":[{"href":"https:\/\/www.lechantdesdauphins.com\/accueil\/wp-json\/wp\/v2\/media?parent=163"}],"curies":[{"name":"wp","href":"https:\/\/api.w.org\/{rel}","templated":true}]}}