{"id":125,"date":"2020-06-07T12:27:59","date_gmt":"2020-06-07T10:27:59","guid":{"rendered":"https:\/\/www.lechantdesdauphins.com\/?page_id=125"},"modified":"2025-12-26T09:58:06","modified_gmt":"2025-12-26T08:58:06","slug":"un-petit-mot-du-fondateur","status":"publish","type":"page","link":"https:\/\/www.lechantdesdauphins.com\/accueil\/un-petit-mot-du-fondateur\/","title":{"rendered":"Un petit mot du fondateur"},"content":{"rendered":"<div class=\"fusion-fullwidth fullwidth-box fusion-builder-row-1 nonhundred-percent-fullwidth non-hundred-percent-height-scrolling\" style=\"--awb-border-radius-top-left:0px;--awb-border-radius-top-right:0px;--awb-border-radius-bottom-right:0px;--awb-border-radius-bottom-left:0px;--awb-flex-wrap:wrap;\" ><div class=\"fusion-builder-row fusion-row\"><div class=\"fusion-layout-column fusion_builder_column fusion-builder-column-0 fusion_builder_column_1_3 1_3 fusion-one-third fusion-column-first\" style=\"--awb-bg-size:cover;width:33.333333333333%;width:calc(33.333333333333% - ( ( 4% ) * 0.33333333333333 ) );margin-right: 4%;\"><div class=\"fusion-column-wrapper fusion-column-has-shadow fusion-flex-column-wrapper-legacy\"><div class=\"fusion-image-element fusion-image-align-center in-legacy-container\" style=\"text-align:center;--awb-caption-title-font-family:var(--h2_typography-font-family);--awb-caption-title-font-weight:var(--h2_typography-font-weight);--awb-caption-title-font-style:var(--h2_typography-font-style);--awb-caption-title-size:var(--h2_typography-font-size);--awb-caption-title-transform:var(--h2_typography-text-transform);--awb-caption-title-line-height:var(--h2_typography-line-height);--awb-caption-title-letter-spacing:var(--h2_typography-letter-spacing);\"><div class=\"imageframe-align-center\"><span class=\" fusion-imageframe imageframe-none imageframe-1 hover-type-none\"><img decoding=\"async\" width=\"200\" height=\"200\" title=\"philippe\" src=\"https:\/\/www.lechantdesdauphins.com\/wp-content\/uploads\/2020\/06\/philippe.png\" alt class=\"img-responsive wp-image-49\" srcset=\"https:\/\/www.lechantdesdauphins.com\/wp-content\/uploads\/2020\/06\/philippe-66x66.png 66w, https:\/\/www.lechantdesdauphins.com\/wp-content\/uploads\/2020\/06\/philippe-100x100.png 100w, https:\/\/www.lechantdesdauphins.com\/wp-content\/uploads\/2020\/06\/philippe-150x150.png 150w, https:\/\/www.lechantdesdauphins.com\/wp-content\/uploads\/2020\/06\/philippe.png 200w\" sizes=\"(max-width: 200px) 100vw, 200px\" \/><\/span><\/div><\/div><div class=\"fusion-clearfix\"><\/div><\/div><\/div><div class=\"fusion-layout-column fusion_builder_column fusion-builder-column-1 fusion_builder_column_2_3 2_3 fusion-two-third fusion-column-last\" style=\"--awb-padding-top:3%;--awb-bg-size:cover;width:66.666666666667%;width:calc(66.666666666667% - ( ( 4% ) * 0.66666666666667 ) );\"><div class=\"fusion-column-wrapper fusion-column-has-shadow fusion-flex-column-wrapper-legacy\"><div class=\"fusion-text fusion-text-1\"><h1><span style=\"color: #0068b6;\">Un petit mot du Fondateur<\/span><br \/>\n<span style=\"color: #000000;\">Philippe Manon<\/span><\/h1>\n<\/div><div class=\"fusion-clearfix\"><\/div><\/div><\/div><div class=\"fusion-layout-column fusion_builder_column fusion-builder-column-2 fusion_builder_column_1_1 1_1 fusion-one-full fusion-column-first fusion-column-last\" style=\"--awb-bg-size:cover;\"><div class=\"fusion-column-wrapper fusion-column-has-shadow fusion-flex-column-wrapper-legacy\"><div class=\"fusion-text fusion-text-2\"><p class=\"p1\"><span class=\"s1\">La vocation premi\u00e8re du Chant des dauphins est d\u2019apporter du bonheur aux enfants et adultes en situation de handicap, malades ou en difficult\u00e9s relationnelles, par le biais de sorties en mer gratuites \u00e0 la d\u00e9couverte des dauphins dans leur milieu naturel. <\/span><\/p>\n<p class=\"p1\"><span class=\"s1\">Elles sont r\u00e9alis\u00e9es \u00e0 bord de notre voilier \u00ab La Crevette des flots \u00bb au d\u00e9part de Port-Fr\u00e9jus. <\/span><\/p>\n<p class=\"p1\"><span class=\"s1\">La rencontre avec les mammif\u00e8res marins est un moment pr\u00e9cieux, un BONHEUR PARTAG\u00c9 aussi avec les encadrants. A bord, les enfants peuvent barrer, d\u00e9couvrir le monde de la voile et cr\u00e9er du lien avec l\u2019\u00e9quipage.<\/span><\/p>\n<p class=\"p1\"><span class=\"s1\">Entre juin et octobre, nous r\u00e9alisons une quarantaine de sorties en mer, gr\u00e2ce \u00e0 la contribution de tous les d\u00e9vou\u00e9s b\u00e9n\u00e9voles, dans une ambiance conviviale. Certains ont le pied marin et encadrent sur le voilier, d\u2019autres s\u2019investissent \u00e0 la cr\u00e9ation d\u2019\u00e9v\u00e8nements que l\u2019association met en place (soir\u00e9e de bienfaisance, loto\u2026) pour financer les sorties en mer. Je souhaite rendre hommage \u00e0 tous ces b\u00e9n\u00e9voles pour la qualit\u00e9 de leur investissement au Chant des dauphins. Ils me donnent l\u2019opportunit\u00e9 de poursuivre cette action en proposant des sorties gratuites \u00e0 ceux qui en ont besoin. <\/span><\/p>\n<p class=\"p1\"><span class=\"s1\">En parcourant notre nouveau site web, vous d\u00e9couvrirez comment cette parenth\u00e8se d\u2019une journ\u00e9e en voilier est v\u00e9cue par les jeunes autistes ou les personnes en situation de handicap. Malheureusement notre voilier ne nous permet pas d\u2019emmener les personnes handicap\u00e9es moteur en mer car il n\u2019est pas homologu\u00e9 pour accueillir des fauteuils roulants. <\/span><\/p>\n<p class=\"p1\"><span class=\"s1\">Nous avons donc lanc\u00e9 depuis quelques mois un projet ambitieux appel\u00e9 \u00ab VOILE BONHEUR \u00bb dont le but est d\u2019acqu\u00e9rir un nouveau voilier et de l\u2019am\u00e9nager pour accueillir ce type de public. Vous d\u00e9couvrirez \u00e9galement sur ce site ce projet d\u00e9taill\u00e9 et n\u2019h\u00e9sitez pas \u00e0 nous aider pour sa r\u00e9alisation.<\/span><\/p>\n<p class=\"p1\"><span class=\"s1\">Toute l\u2019ann\u00e9e, nous proposons divers ateliers pour les jeunes et adultes handicap\u00e9s, tels que l\u2019accompagnement \u00e0 la piscine, peinture pour personnes en fauteuils\u2026 et nous sommes aussi \u00e0 la disposition des familles pour des moments de partage et une \u00e9coute bienveillante. N\u2019h\u00e9sitez pas \u00e0 nous contacter.<\/span><\/p>\n<p class=\"p1\"><span class=\"s1\">Nous vous invitons \u00e0 venir nous d\u00e9couvrir et nous soutenir lors d\u2019une de nos prochaines manifestations. Nous vous donnons rendez-vous pour les 20 ans de l\u2019association en 2020.<\/span><\/p>\n<\/div><div class=\"fusion-clearfix\"><\/div><\/div><\/div><\/div><\/div>\n","protected":false},"excerpt":{"rendered":"","protected":false},"author":1,"featured_media":0,"parent":0,"menu_order":0,"comment_status":"closed","ping_status":"closed","template":"","meta":{"footnotes":""},"yoast_head":"<!-- This site is optimized with the Yoast SEO plugin v14.2 - https:\/\/yoast.com\/wordpress\/plugins\/seo\/ -->\n<title>Un petit mot du fondateur - Le Chant des Dauphins<\/title>\n<meta name=\"robots\" content=\"index, follow\" \/>\n<meta name=\"googlebot\" content=\"index, follow, max-snippet:-1, max-image-preview:large, max-video-preview:-1\" \/>\n<meta name=\"bingbot\" content=\"index, follow, max-snippet:-1, max-image-preview:large, max-video-preview:-1\" \/>\n<link rel=\"canonical\" href=\"https:\/\/www.lechantdesdauphins.com\/accueil\/un-petit-mot-du-fondateur\/\" \/>\n<meta property=\"og:locale\" content=\"fr_FR\" \/>\n<meta property=\"og:type\" content=\"article\" \/>\n<meta property=\"og:title\" content=\"Un petit mot du fondateur - Le Chant des Dauphins\" \/>\n<meta property=\"og:url\" content=\"https:\/\/www.lechantdesdauphins.com\/accueil\/un-petit-mot-du-fondateur\/\" \/>\n<meta property=\"og:site_name\" content=\"Le Chant des Dauphins\" \/>\n<meta property=\"article:modified_time\" content=\"2025-12-26T08:58:06+00:00\" \/>\n<meta name=\"twitter:card\" content=\"summary_large_image\" \/>\n<script type=\"application\/ld+json\" class=\"yoast-schema-graph\">{\"@context\":\"https:\/\/schema.org\",\"@graph\":[{\"@type\":\"WebSite\",\"@id\":\"https:\/\/www.lechantdesdauphins.com\/accueil\/#website\",\"url\":\"https:\/\/www.lechantdesdauphins.com\/accueil\/\",\"name\":\"Le Chant des Dauphins\",\"description\":\"\",\"potentialAction\":[{\"@type\":\"SearchAction\",\"target\":\"https:\/\/www.lechantdesdauphins.com\/accueil\/?s={search_term_string}\",\"query-input\":\"required name=search_term_string\"}],\"inLanguage\":\"fr-FR\"},{\"@type\":\"WebPage\",\"@id\":\"https:\/\/www.lechantdesdauphins.com\/accueil\/un-petit-mot-du-fondateur\/#webpage\",\"url\":\"https:\/\/www.lechantdesdauphins.com\/accueil\/un-petit-mot-du-fondateur\/\",\"name\":\"Un petit mot du fondateur - Le Chant des Dauphins\",\"isPartOf\":{\"@id\":\"https:\/\/www.lechantdesdauphins.com\/accueil\/#website\"},\"datePublished\":\"2020-06-07T10:27:59+00:00\",\"dateModified\":\"2025-12-26T08:58:06+00:00\",\"inLanguage\":\"fr-FR\",\"potentialAction\":[{\"@type\":\"ReadAction\",\"target\":[\"https:\/\/www.lechantdesdauphins.com\/accueil\/un-petit-mot-du-fondateur\/\"]}]}]}<\/script>\n<!-- \/ Yoast SEO plugin. -->","_links":{"self":[{"href":"https:\/\/www.lechantdesdauphins.com\/accueil\/wp-json\/wp\/v2\/pages\/125"}],"collection":[{"href":"https:\/\/www.lechantdesdauphins.com\/accueil\/wp-json\/wp\/v2\/pages"}],"about":[{"href":"https:\/\/www.lechantdesdauphins.com\/accueil\/wp-json\/wp\/v2\/types\/page"}],"author":[{"embeddable":true,"href":"https:\/\/www.lechantdesdauphins.com\/accueil\/wp-json\/wp\/v2\/users\/1"}],"replies":[{"embeddable":true,"href":"https:\/\/www.lechantdesdauphins.com\/accueil\/wp-json\/wp\/v2\/comments?post=125"}],"version-history":[{"count":8,"href":"https:\/\/www.lechantdesdauphins.com\/accueil\/wp-json\/wp\/v2\/pages\/125\/revisions"}],"predecessor-version":[{"id":615,"href":"https:\/\/www.lechantdesdauphins.com\/accueil\/wp-json\/wp\/v2\/pages\/125\/revisions\/615"}],"wp:attachment":[{"href":"https:\/\/www.lechantdesdauphins.com\/accueil\/wp-json\/wp\/v2\/media?parent=125"}],"curies":[{"name":"wp","href":"https:\/\/api.w.org\/{rel}","templated":true}]}}